{"id":7377,"date":"2021-03-28T21:30:45","date_gmt":"2021-03-28T20:30:45","guid":{"rendered":"https:\/\/spgroups.ch\/referenzprojekte\/"},"modified":"2021-04-22T13:10:42","modified_gmt":"2021-04-22T12:10:42","slug":"unsere-referenzprojekte","status":"publish","type":"page","link":"https:\/\/spgroups.ch\/de\/unsere-referenzprojekte\/","title":{"rendered":"Unsere referenzprojekte"},"content":{"rendered":"[vc_row type=&#8221;in_container&#8221; full_screen_row_position=&#8221;middle&#8221; column_margin=&#8221;default&#8221; column_direction=&#8221;default&#8221; column_direction_tablet=&#8221;default&#8221; column_direction_phone=&#8221;default&#8221; scene_position=&#8221;center&#8221; text_color=&#8221;dark&#8221; text_align=&#8221;left&#8221; row_border_radius=&#8221;none&#8221; row_border_radius_applies=&#8221;bg&#8221; overlay_strength=&#8221;0.3&#8243; gradient_direction=&#8221;left_to_right&#8221; shape_divider_position=&#8221;bottom&#8221; bg_image_animation=&#8221;none&#8221;][vc_column column_padding=&#8221;no-extra-padding&#8221; column_padding_tablet=&#8221;inherit&#8221; column_padding_phone=&#8221;inherit&#8221; column_padding_position=&#8221;all&#8221; background_color_opacity=&#8221;1&#8243; background_hover_color_opacity=&#8221;1&#8243; column_shadow=&#8221;none&#8221; column_border_radius=&#8221;none&#8221; column_link_target=&#8221;_self&#8221; gradient_direction=&#8221;left_to_right&#8221; overlay_strength=&#8221;0.3&#8243; width=&#8221;1\/1&#8243; tablet_width_inherit=&#8221;default&#8221; tablet_text_alignment=&#8221;default&#8221; phone_text_alignment=&#8221;default&#8221; column_border_width=&#8221;none&#8221; column_border_style=&#8221;solid&#8221; bg_image_animation=&#8221;none&#8221;][heading]\n<h1 style=\"text-align: center;\">Entdecken Sie alle unsere Referenzprojekte!<\/h1>\n[\/heading][vc_column_text css_animation=&#8221;fadeInUp&#8221;]\n<h2 style=\"text-align: center;\">Pharma, Biotech, Flughafen, Feinchemie oder Rechenzentrum: Wir verwandeln Ihre Engineering-W\u00fcnsche in eine umfassende Branchenl\u00f6sung.<\/h2>\n<h3 style=\"text-align: center;\">Unsere Referenzprojekte entdecken:<\/h3>\n[\/vc_column_text][nectar_post_grid post_type=&#8221;post&#8221; blog_category=&#8221;all,branchen-feinchemie,branchen-flughafen,branchen-pharma&#8221; order=&#8221;DESC&#8221; orderby=&#8221;date&#8221; pagination=&#8221;load-more&#8221; button_color=&#8221;extra-color-1&#8243; columns=&#8221;3&#8243; grid_item_spacing=&#8221;25px&#8221; grid_item_height=&#8221;30vh&#8221; enable_sortable=&#8221;yes&#8221; sortable_color=&#8221;extra-color-1&#8243; image_size=&#8221;large&#8221; image_loading=&#8221;default&#8221; animation=&#8221;none&#8221; heading_tag=&#8221;default&#8221; display_categories=&#8221;yes&#8221; category_functionality=&#8221;default&#8221; display_excerpt=&#8221;yes&#8221; grid_style=&#8221;content_under_image&#8221; content_under_image_text_align=&#8221;left&#8221; text_color=&#8221;dark&#8221; hover_effect=&#8221;zoom&#8221; border_radius=&#8221;5px&#8221; shadow_on_hover=&#8221;yes&#8221; posts_per_page=&#8221;12&#8243;][\/vc_column][\/vc_row]\n","protected":false},"excerpt":{"rendered":"<p>[vc_row type=&#8221;in_container&#8221; full_screen_row_position=&#8221;middle&#8221; column_margin=&#8221;default&#8221; column_direction=&#8221;default&#8221; column_direction_tablet=&#8221;default&#8221; column_direction_phone=&#8221;default&#8221; scene_position=&#8221;center&#8221; text_color=&#8221;dark&#8221; text_align=&#8221;left&#8221; row_border_radius=&#8221;none&#8221; row_border_radius_applies=&#8221;bg&#8221; overlay_strength=&#8221;0.3&#8243; gradient_direction=&#8221;left_to_right&#8221; shape_divider_position=&#8221;bottom&#8221; bg_image_animation=&#8221;none&#8221;][vc_column column_padding=&#8221;no-extra-padding&#8221; column_padding_tablet=&#8221;inherit&#8221; column_padding_phone=&#8221;inherit&#8221; column_padding_position=&#8221;all&#8221; background_color_opacity=&#8221;1&#8243; background_hover_color_opacity=&#8221;1&#8243; column_shadow=&#8221;none&#8221; column_border_radius=&#8221;none&#8221; column_link_target=&#8221;_self&#8221; gradient_direction=&#8221;left_to_right&#8221; overlay_strength=&#8221;0.3&#8243; width=&#8221;1\/1&#8243; tablet_width_inherit=&#8221;default&#8221; tablet_text_alignment=&#8221;default&#8221;&#8230;<\/p>\n","protected":false},"author":16,"featured_media":0,"parent":0,"menu_order":0,"comment_status":"closed","ping_status":"closed","template":"","meta":{"footnotes":""},"class_list":["post-7377","page","type-page","status-publish"],"yoast_head":"<!-- This site is optimized with the Yoast SEO plugin v26.7 - https:\/\/yoast.com\/wordpress\/plugins\/seo\/ -->\n<title>Unsere Kundenf\u00e4lle und Erfolge | SP Groups<\/title>\n<meta name=\"description\" content=\"Unsere Referenzen sind vielf\u00e4ltig und unterstreichen die Qualit\u00e4t unserer Arbeit. Finden Sie alle unsere Erfolge\" \/>\n<meta name=\"robots\" content=\"index, follow, max-snippet:-1, max-image-preview:large, max-video-preview:-1\" \/>\n<link rel=\"canonical\" href=\"https:\/\/spgroups.ch\/de\/unsere-referenzprojekte\/\" \/>\n<meta property=\"og:locale\" content=\"de_DE\" \/>\n<meta property=\"og:type\" content=\"article\" \/>\n<meta property=\"og:title\" content=\"Unsere Kundenf\u00e4lle und Erfolge | SP Groups\" \/>\n<meta property=\"og:description\" content=\"Unsere Referenzen sind vielf\u00e4ltig und unterstreichen die Qualit\u00e4t unserer Arbeit. Finden Sie alle unsere Erfolge\" \/>\n<meta property=\"og:url\" content=\"https:\/\/spgroups.ch\/de\/unsere-referenzprojekte\/\" \/>\n<meta property=\"og:site_name\" content=\"SP GROUPS\" \/>\n<meta property=\"article:modified_time\" content=\"2021-04-22T12:10:42+00:00\" \/>\n<meta name=\"twitter:card\" content=\"summary_large_image\" \/>\n<meta name=\"twitter:label1\" content=\"Est. reading time\" \/>\n\t<meta name=\"twitter:data1\" content=\"1 minute\" \/>\n<script type=\"application\/ld+json\" class=\"yoast-schema-graph\">{\"@context\":\"https:\/\/schema.org\",\"@graph\":[{\"@type\":\"WebPage\",\"@id\":\"https:\/\/spgroups.ch\/de\/unsere-referenzprojekte\/\",\"url\":\"https:\/\/spgroups.ch\/de\/unsere-referenzprojekte\/\",\"name\":\"Unsere Kundenf\u00e4lle und Erfolge | SP Groups\",\"isPartOf\":{\"@id\":\"https:\/\/spgroups.ch\/de\/#website\"},\"datePublished\":\"2021-03-28T20:30:45+00:00\",\"dateModified\":\"2021-04-22T12:10:42+00:00\",\"description\":\"Unsere Referenzen sind vielf\u00e4ltig und unterstreichen die Qualit\u00e4t unserer Arbeit. Finden Sie alle unsere Erfolge\",\"breadcrumb\":{\"@id\":\"https:\/\/spgroups.ch\/de\/unsere-referenzprojekte\/#breadcrumb\"},\"inLanguage\":\"de-DE\",\"potentialAction\":[{\"@type\":\"ReadAction\",\"target\":[\"https:\/\/spgroups.ch\/de\/unsere-referenzprojekte\/\"]}]},{\"@type\":\"BreadcrumbList\",\"@id\":\"https:\/\/spgroups.ch\/de\/unsere-referenzprojekte\/#breadcrumb\",\"itemListElement\":[{\"@type\":\"ListItem\",\"position\":1,\"name\":\"Startseite\",\"item\":\"https:\/\/spgroups.ch\/de\/\"},{\"@type\":\"ListItem\",\"position\":2,\"name\":\"Unsere referenzprojekte\"}]},{\"@type\":\"WebSite\",\"@id\":\"https:\/\/spgroups.ch\/de\/#website\",\"url\":\"https:\/\/spgroups.ch\/de\/\",\"name\":\"SP GROUPS\",\"description\":\"SP GROUPS\",\"publisher\":{\"@id\":\"https:\/\/spgroups.ch\/de\/#organization\"},\"potentialAction\":[{\"@type\":\"SearchAction\",\"target\":{\"@type\":\"EntryPoint\",\"urlTemplate\":\"https:\/\/spgroups.ch\/de\/?s={search_term_string}\"},\"query-input\":{\"@type\":\"PropertyValueSpecification\",\"valueRequired\":true,\"valueName\":\"search_term_string\"}}],\"inLanguage\":\"de-DE\"},{\"@type\":\"Organization\",\"@id\":\"https:\/\/spgroups.ch\/de\/#organization\",\"name\":\"SP GROUPS\",\"url\":\"https:\/\/spgroups.ch\/de\/\",\"logo\":{\"@type\":\"ImageObject\",\"inLanguage\":\"de-DE\",\"@id\":\"https:\/\/spgroups.ch\/de\/#\/schema\/logo\/image\/\",\"url\":\"https:\/\/spgroups.ch\/wp-content\/uploads\/2020\/11\/logo-spgroups-RVB-1.png\",\"contentUrl\":\"https:\/\/spgroups.ch\/wp-content\/uploads\/2020\/11\/logo-spgroups-RVB-1.png\",\"width\":992,\"height\":551,\"caption\":\"SP GROUPS\"},\"image\":{\"@id\":\"https:\/\/spgroups.ch\/de\/#\/schema\/logo\/image\/\"}}]}<\/script>\n<!-- \/ Yoast SEO plugin. -->","yoast_head_json":{"title":"Unsere Kundenf\u00e4lle und Erfolge | SP Groups","description":"Unsere Referenzen sind vielf\u00e4ltig und unterstreichen die Qualit\u00e4t unserer Arbeit. Finden Sie alle unsere Erfolge","robots":{"index":"index","follow":"follow","max-snippet":"max-snippet:-1","max-image-preview":"max-image-preview:large","max-video-preview":"max-video-preview:-1"},"canonical":"https:\/\/spgroups.ch\/de\/unsere-referenzprojekte\/","og_locale":"de_DE","og_type":"article","og_title":"Unsere Kundenf\u00e4lle und Erfolge | SP Groups","og_description":"Unsere Referenzen sind vielf\u00e4ltig und unterstreichen die Qualit\u00e4t unserer Arbeit. Finden Sie alle unsere Erfolge","og_url":"https:\/\/spgroups.ch\/de\/unsere-referenzprojekte\/","og_site_name":"SP GROUPS","article_modified_time":"2021-04-22T12:10:42+00:00","twitter_card":"summary_large_image","twitter_misc":{"Est. reading time":"1 minute"},"schema":{"@context":"https:\/\/schema.org","@graph":[{"@type":"WebPage","@id":"https:\/\/spgroups.ch\/de\/unsere-referenzprojekte\/","url":"https:\/\/spgroups.ch\/de\/unsere-referenzprojekte\/","name":"Unsere Kundenf\u00e4lle und Erfolge | SP Groups","isPartOf":{"@id":"https:\/\/spgroups.ch\/de\/#website"},"datePublished":"2021-03-28T20:30:45+00:00","dateModified":"2021-04-22T12:10:42+00:00","description":"Unsere Referenzen sind vielf\u00e4ltig und unterstreichen die Qualit\u00e4t unserer Arbeit. Finden Sie alle unsere Erfolge","breadcrumb":{"@id":"https:\/\/spgroups.ch\/de\/unsere-referenzprojekte\/#breadcrumb"},"inLanguage":"de-DE","potentialAction":[{"@type":"ReadAction","target":["https:\/\/spgroups.ch\/de\/unsere-referenzprojekte\/"]}]},{"@type":"BreadcrumbList","@id":"https:\/\/spgroups.ch\/de\/unsere-referenzprojekte\/#breadcrumb","itemListElement":[{"@type":"ListItem","position":1,"name":"Startseite","item":"https:\/\/spgroups.ch\/de\/"},{"@type":"ListItem","position":2,"name":"Unsere referenzprojekte"}]},{"@type":"WebSite","@id":"https:\/\/spgroups.ch\/de\/#website","url":"https:\/\/spgroups.ch\/de\/","name":"SP GROUPS","description":"SP GROUPS","publisher":{"@id":"https:\/\/spgroups.ch\/de\/#organization"},"potentialAction":[{"@type":"SearchAction","target":{"@type":"EntryPoint","urlTemplate":"https:\/\/spgroups.ch\/de\/?s={search_term_string}"},"query-input":{"@type":"PropertyValueSpecification","valueRequired":true,"valueName":"search_term_string"}}],"inLanguage":"de-DE"},{"@type":"Organization","@id":"https:\/\/spgroups.ch\/de\/#organization","name":"SP GROUPS","url":"https:\/\/spgroups.ch\/de\/","logo":{"@type":"ImageObject","inLanguage":"de-DE","@id":"https:\/\/spgroups.ch\/de\/#\/schema\/logo\/image\/","url":"https:\/\/spgroups.ch\/wp-content\/uploads\/2020\/11\/logo-spgroups-RVB-1.png","contentUrl":"https:\/\/spgroups.ch\/wp-content\/uploads\/2020\/11\/logo-spgroups-RVB-1.png","width":992,"height":551,"caption":"SP GROUPS"},"image":{"@id":"https:\/\/spgroups.ch\/de\/#\/schema\/logo\/image\/"}}]}},"_links":{"self":[{"href":"https:\/\/spgroups.ch\/de\/wp-json\/wp\/v2\/pages\/7377","targetHints":{"allow":["GET"]}}],"collection":[{"href":"https:\/\/spgroups.ch\/de\/wp-json\/wp\/v2\/pages"}],"about":[{"href":"https:\/\/spgroups.ch\/de\/wp-json\/wp\/v2\/types\/page"}],"author":[{"embeddable":true,"href":"https:\/\/spgroups.ch\/de\/wp-json\/wp\/v2\/users\/16"}],"replies":[{"embeddable":true,"href":"https:\/\/spgroups.ch\/de\/wp-json\/wp\/v2\/comments?post=7377"}],"version-history":[{"count":11,"href":"https:\/\/spgroups.ch\/de\/wp-json\/wp\/v2\/pages\/7377\/revisions"}],"predecessor-version":[{"id":7601,"href":"https:\/\/spgroups.ch\/de\/wp-json\/wp\/v2\/pages\/7377\/revisions\/7601"}],"wp:attachment":[{"href":"https:\/\/spgroups.ch\/de\/wp-json\/wp\/v2\/media?parent=7377"}],"curies":[{"name":"wp","href":"https:\/\/api.w.org\/{rel}","templated":true}]}}