{"id":7710,"date":"2021-05-06T14:36:39","date_gmt":"2021-05-06T13:36:39","guid":{"rendered":"https:\/\/spgroups.ch\/carriere\/ingenieurs-gestion-de-projets-automation-et-informatique-industrielle\/"},"modified":"2021-06-16T08:51:00","modified_gmt":"2021-06-16T07:51:00","slug":"ingenieur-fuer-die-projektleitung-in-der-automation-und-industrieinformatik","status":"publish","type":"page","link":"https:\/\/spgroups.ch\/de\/karriere\/ingenieur-fuer-die-projektleitung-in-der-automation-und-industrieinformatik\/","title":{"rendered":"Ingenieur f\u00fcr die Projektleitung in der Automation und Industrieinformatik"},"content":{"rendered":"[vc_row type=&#8221;in_container&#8221; full_screen_row_position=&#8221;middle&#8221; column_margin=&#8221;default&#8221; column_direction=&#8221;default&#8221; column_direction_tablet=&#8221;default&#8221; column_direction_phone=&#8221;default&#8221; scene_position=&#8221;center&#8221; top_padding=&#8221;3%&#8221; bottom_padding=&#8221;0&#8243; text_color=&#8221;dark&#8221; text_align=&#8221;left&#8221; row_border_radius=&#8221;none&#8221; row_border_radius_applies=&#8221;bg&#8221; overlay_strength=&#8221;0.3&#8243; gradient_direction=&#8221;left_to_right&#8221; shape_divider_position=&#8221;bottom&#8221; bg_image_animation=&#8221;none&#8221; shape_type=&#8221;&#8221;][vc_column column_padding=&#8221;no-extra-padding&#8221; column_padding_tablet=&#8221;inherit&#8221; column_padding_phone=&#8221;inherit&#8221; column_padding_position=&#8221;all&#8221; centered_text=&#8221;true&#8221; background_color_opacity=&#8221;1&#8243; background_hover_color_opacity=&#8221;1&#8243; column_shadow=&#8221;none&#8221; column_border_radius=&#8221;none&#8221; column_link_target=&#8221;_self&#8221; gradient_direction=&#8221;left_to_right&#8221; overlay_strength=&#8221;0.3&#8243; width=&#8221;1\/1&#8243; tablet_width_inherit=&#8221;default&#8221; tablet_text_alignment=&#8221;default&#8221; phone_text_alignment=&#8221;default&#8221; column_border_width=&#8221;none&#8221; column_border_style=&#8221;solid&#8221; bg_image_animation=&#8221;none&#8221; enable_animation=&#8221;true&#8221; animation=&#8221;fade-in-from-bottom&#8221;][vc_column_text]\n<h1 style=\"text-align: center;\">Ingenieur f\u00fcr die Projektleitung in der Automation und Industrieinformatik<\/h1>\n[\/vc_column_text][vc_column_text]\n<p style=\"text-align: center;\"><strong>70-100%<br \/>\n<\/strong><strong>Arbeitsort : Genf oder Martigny (Schweiz)<\/strong><\/p>\n[\/vc_column_text][divider line_type=&#8221;Small Line&#8221; line_alignment=&#8221;default&#8221; line_thickness=&#8221;2&#8243; divider_color=&#8221;extra-color-1&#8243; animate=&#8221;yes&#8221;][\/vc_column][\/vc_row][vc_row type=&#8221;full_width_background&#8221; full_screen_row_position=&#8221;middle&#8221; column_margin=&#8221;default&#8221; column_direction=&#8221;default&#8221; column_direction_tablet=&#8221;default&#8221; column_direction_phone=&#8221;default&#8221; scene_position=&#8221;center&#8221; top_padding=&#8221;3%&#8221; constrain_group_1=&#8221;yes&#8221; bottom_padding=&#8221;3%&#8221; left_padding_desktop=&#8221;0&#8243; right_padding_desktop=&#8221;0&#8243; text_color=&#8221;dark&#8221; text_align=&#8221;left&#8221; row_border_radius=&#8221;none&#8221; row_border_radius_applies=&#8221;bg&#8221; zindex=&#8221;4&#8243; overlay_strength=&#8221;0.3&#8243; gradient_direction=&#8221;left_to_right&#8221; shape_divider_position=&#8221;bottom&#8221; bg_image_animation=&#8221;none&#8221; shape_type=&#8221;&#8221;][vc_column column_padding=&#8221;no-extra-padding&#8221; column_padding_tablet=&#8221;inherit&#8221; column_padding_phone=&#8221;inherit&#8221; column_padding_position=&#8221;all&#8221; background_color_opacity=&#8221;1&#8243; background_hover_color_opacity=&#8221;1&#8243; column_shadow=&#8221;none&#8221; column_border_radius=&#8221;none&#8221; column_link_target=&#8221;_self&#8221; gradient_direction=&#8221;left_to_right&#8221; overlay_strength=&#8221;0.3&#8243; width=&#8221;1\/6&#8243; tablet_width_inherit=&#8221;default&#8221; tablet_text_alignment=&#8221;default&#8221; phone_text_alignment=&#8221;default&#8221; column_border_width=&#8221;none&#8221; column_border_style=&#8221;solid&#8221; bg_image_animation=&#8221;none&#8221;][\/vc_column][vc_column column_padding=&#8221;padding-2-percent&#8221; column_padding_tablet=&#8221;inherit&#8221; column_padding_phone=&#8221;inherit&#8221; column_padding_position=&#8221;all&#8221; background_color=&#8221;#ffffff&#8221; background_color_opacity=&#8221;1&#8243; background_hover_color_opacity=&#8221;1&#8243; column_shadow=&#8221;small_depth&#8221; column_border_radius=&#8221;10px&#8221; column_link_target=&#8221;_self&#8221; gradient_direction=&#8221;left_to_right&#8221; overlay_strength=&#8221;0.3&#8243; width=&#8221;2\/3&#8243; tablet_width_inherit=&#8221;default&#8221; tablet_text_alignment=&#8221;default&#8221; phone_text_alignment=&#8221;default&#8221; column_border_width=&#8221;2px&#8221; column_border_color=&#8221;#ff5615&#8243; bg_image_animation=&#8221;none&#8221;][vc_column_text]<strong>Ihre Aufgabe<\/strong><\/p>\n<ul>\n<li>F\u00f6rderung und \u00dcberwachung der Gesch\u00e4ftschancen im Bereich Automation und Industrieinformatik<\/li>\n<li>Erstellung und \u00dcberwachung von Angeboten auf technischer und wirtschaftlicher Ebene<\/li>\n<li>Erstellung von Anwendungen in \u00dcbereinstimmung mit Kunden- Nutzer- und gesetzlichen Anforderungen<\/li>\n<li>Sicherstellung des Projektmanagements (Planung, Budget, Koordination, Kommunikation) und der Kundenbeziehung innerhalb des Projekts<\/li>\n<li>Erfassung von Funktions- und Designspezifikationen entsprechend den Kundenanforderungen<\/li>\n<li>Ideengeber f\u00fcr die Entwicklung technischer L\u00f6sungen<\/li>\n<li>Unterst\u00fctzung, Kommentierung, Validierung der Projektergebnisse<\/li>\n<li>Gew\u00e4hrleistung der Kommunikation und Kundenbeziehung<\/li>\n<li>Gute Zusammenarbeit intern und mit s\u00e4mtlichen Beteiligten<\/li>\n<\/ul>\n<p><strong>Ihr Profil<\/strong><\/p>\n<ul>\n<li>Ausbildung Ingenieur FH\/ETH in Informatik oder Industrieinformatik oder vergleichbare Ausbildung<\/li>\n<li>8 Jahre Berufserfahrung in \u00e4hnlichem Bereich (Pharmaindustrie oder Feinchemie)<\/li>\n<li>Kenntnisse der Design-Normen ISA95, ISA S88<\/li>\n<li>Kenntnisse der Bestimmungen GAMP5, 21cfrpart11, Data Integrity<\/li>\n<li>Verst\u00e4ndnis der Abl\u00e4ufe in der Pharmaindustrie und der Feinchemie<\/li>\n<li>Gute F\u00e4higkeiten im Erstellen von Unterlagen<\/li>\n<li>Erfahrungen in der Konzeption und Entwicklung SCADA (AVEVA System-Platform von Vorteil)<\/li>\n<li>Erfahrungen in der Konzeption und Entwicklung mit Automate<\/li>\n<li>Erfahrungen mit Batch oder MES erw\u00fcnscht<\/li>\n<li>Gutes Gesp\u00fcr im Umgang mit der Informationstechnologie<\/li>\n<li>Englisch mindestens Niveau B1<\/li>\n<li>Deutsch von Vorteil<\/li>\n<\/ul>\n<p><strong>Wir bieten Ihnen<\/strong><\/p>\n<ul>\n<li>ein angenehmes und anregendes Arbeitsumfeld in einem freundlichen Ambiente<\/li>\n<li>Weiterbildungsm\u00f6glichkeiten sowie interessante Gelegenheiten, firmenintern weiterzukommen<\/li>\n<li>zahlreiche Vorteile wie 5 Wochen Ferien, 40 Stunden-Woche, 13. Monatsgehalt, die M\u00f6glichkeit, im Homeoffice zu arbeiten<\/li>\n<li>die Zahlung von Pr\u00e4mien f\u00fcr eingeholte Auftr\u00e4ge\/Abschl\u00fcsse,m abh\u00e4ngig vom Betrag der Kundenbestellung<\/li>\n<\/ul>\n<p><strong>Eintrittsdatum<br \/>\n<\/strong>Sofort oder nach Vereinbarung<\/p>\n<p><strong>Interessiert?<br \/>\n<\/strong>Unsere Stellenausschreibungen richten sich gleichermassen an Frauen und M\u00e4nner. Wir freuen uns auf Ihre Bewerbung.[\/vc_column_text][divider line_type=&#8221;No Line&#8221; custom_height=&#8221;20px&#8221;][\/vc_column][vc_column column_padding=&#8221;no-extra-padding&#8221; column_padding_tablet=&#8221;inherit&#8221; column_padding_phone=&#8221;inherit&#8221; column_padding_position=&#8221;all&#8221; background_color_opacity=&#8221;1&#8243; background_hover_color_opacity=&#8221;1&#8243; column_shadow=&#8221;none&#8221; column_border_radius=&#8221;none&#8221; column_link_target=&#8221;_self&#8221; gradient_direction=&#8221;left_to_right&#8221; overlay_strength=&#8221;0.3&#8243; width=&#8221;1\/6&#8243; tablet_width_inherit=&#8221;default&#8221; tablet_text_alignment=&#8221;default&#8221; phone_text_alignment=&#8221;default&#8221; column_border_width=&#8221;none&#8221; column_border_style=&#8221;solid&#8221; bg_image_animation=&#8221;none&#8221;][\/vc_column][\/vc_row][vc_row type=&#8221;in_container&#8221; full_screen_row_position=&#8221;middle&#8221; column_margin=&#8221;default&#8221; column_direction=&#8221;default&#8221; column_direction_tablet=&#8221;default&#8221; column_direction_phone=&#8221;default&#8221; scene_position=&#8221;center&#8221; bottom_padding=&#8221;3%&#8221; translate_y=&#8221;-40px&#8221; text_color=&#8221;dark&#8221; text_align=&#8221;left&#8221; row_border_radius=&#8221;none&#8221; row_border_radius_applies=&#8221;bg&#8221; zindex=&#8221;5&#8243; overlay_strength=&#8221;0.3&#8243; gradient_direction=&#8221;left_to_right&#8221; shape_divider_position=&#8221;bottom&#8221; bg_image_animation=&#8221;none&#8221; shape_type=&#8221;&#8221;][vc_column column_padding=&#8221;no-extra-padding&#8221; column_padding_tablet=&#8221;inherit&#8221; column_padding_phone=&#8221;inherit&#8221; column_padding_position=&#8221;all&#8221; centered_text=&#8221;true&#8221; background_color_opacity=&#8221;1&#8243; background_hover_color_opacity=&#8221;1&#8243; column_shadow=&#8221;none&#8221; column_border_radius=&#8221;none&#8221; column_link_target=&#8221;_self&#8221; gradient_direction=&#8221;left_to_right&#8221; overlay_strength=&#8221;0.3&#8243; width=&#8221;1\/1&#8243; tablet_width_inherit=&#8221;default&#8221; tablet_text_alignment=&#8221;default&#8221; phone_text_alignment=&#8221;default&#8221; column_border_width=&#8221;none&#8221; column_border_style=&#8221;solid&#8221; bg_image_animation=&#8221;none&#8221;][nectar_btn size=&#8221;large&#8221; button_style=&#8221;regular&#8221; button_color_2=&#8221;Extra-Color-1&#8243; icon_family=&#8221;none&#8221; text=&#8221;Ich bewerbe mich&#8221; css_animation=&#8221;slideInUp&#8221; url=&#8221;\/de\/karriere\/kommen-sie-in-eines-unserer-teams-bei-sp-groups\/&#8221;][\/vc_column][\/vc_row]\n","protected":false},"excerpt":{"rendered":"<p>[vc_row type=&#8221;in_container&#8221; full_screen_row_position=&#8221;middle&#8221; column_margin=&#8221;default&#8221; column_direction=&#8221;default&#8221; column_direction_tablet=&#8221;default&#8221; column_direction_phone=&#8221;default&#8221; scene_position=&#8221;center&#8221; top_padding=&#8221;3%&#8221; bottom_padding=&#8221;0&#8243; text_color=&#8221;dark&#8221; text_align=&#8221;left&#8221; row_border_radius=&#8221;none&#8221; row_border_radius_applies=&#8221;bg&#8221; overlay_strength=&#8221;0.3&#8243; gradient_direction=&#8221;left_to_right&#8221; shape_divider_position=&#8221;bottom&#8221; bg_image_animation=&#8221;none&#8221; shape_type=&#8221;&#8221;][vc_column column_padding=&#8221;no-extra-padding&#8221; column_padding_tablet=&#8221;inherit&#8221; column_padding_phone=&#8221;inherit&#8221; column_padding_position=&#8221;all&#8221; centered_text=&#8221;true&#8221; background_color_opacity=&#8221;1&#8243; background_hover_color_opacity=&#8221;1&#8243; column_shadow=&#8221;none&#8221; column_border_radius=&#8221;none&#8221; column_link_target=&#8221;_self&#8221; gradient_direction=&#8221;left_to_right&#8221;&#8230;<\/p>\n","protected":false},"author":16,"featured_media":0,"parent":7698,"menu_order":0,"comment_status":"closed","ping_status":"closed","template":"","meta":{"footnotes":""},"class_list":["post-7710","page","type-page","status-publish"],"yoast_head":"<!-- This site is optimized with the Yoast SEO plugin v26.7 - https:\/\/yoast.com\/wordpress\/plugins\/seo\/ -->\n<title>Ingenieur f\u00fcr die Projektleitung in der Automation und Industrieinformatik | SP GROUPS<\/title>\n<meta name=\"robots\" content=\"index, follow, max-snippet:-1, max-image-preview:large, max-video-preview:-1\" \/>\n<link rel=\"canonical\" href=\"https:\/\/spgroups.ch\/de\/karriere\/ingenieur-fuer-die-projektleitung-in-der-automation-und-industrieinformatik\/\" \/>\n<meta property=\"og:locale\" content=\"de_DE\" \/>\n<meta property=\"og:type\" content=\"article\" \/>\n<meta property=\"og:title\" content=\"Ingenieur f\u00fcr die Projektleitung in der Automation und Industrieinformatik | SP GROUPS\" \/>\n<meta property=\"og:description\" content=\"[vc_row type=&#8221;in_container&#8221; full_screen_row_position=&#8221;middle&#8221; column_margin=&#8221;default&#8221; column_direction=&#8221;default&#8221; column_direction_tablet=&#8221;default&#8221; column_direction_phone=&#8221;default&#8221; scene_position=&#8221;center&#8221; top_padding=&#8221;3%&#8221; bottom_padding=&#8221;0&#8243; text_color=&#8221;dark&#8221; text_align=&#8221;left&#8221; row_border_radius=&#8221;none&#8221; row_border_radius_applies=&#8221;bg&#8221; overlay_strength=&#8221;0.3&#8243; gradient_direction=&#8221;left_to_right&#8221; shape_divider_position=&#8221;bottom&#8221; bg_image_animation=&#8221;none&#8221; shape_type=&#8221;&#8221;][vc_column column_padding=&#8221;no-extra-padding&#8221; column_padding_tablet=&#8221;inherit&#8221; column_padding_phone=&#8221;inherit&#8221; column_padding_position=&#8221;all&#8221; centered_text=&#8221;true&#8221; background_color_opacity=&#8221;1&#8243; background_hover_color_opacity=&#8221;1&#8243; column_shadow=&#8221;none&#8221; column_border_radius=&#8221;none&#8221; column_link_target=&#8221;_self&#8221; gradient_direction=&#8221;left_to_right&#8221;...\" \/>\n<meta property=\"og:url\" content=\"https:\/\/spgroups.ch\/de\/karriere\/ingenieur-fuer-die-projektleitung-in-der-automation-und-industrieinformatik\/\" \/>\n<meta property=\"og:site_name\" content=\"SP GROUPS\" \/>\n<meta property=\"article:modified_time\" content=\"2021-06-16T07:51:00+00:00\" \/>\n<meta name=\"twitter:card\" content=\"summary_large_image\" \/>\n<meta name=\"twitter:label1\" content=\"Est. reading time\" \/>\n\t<meta name=\"twitter:data1\" content=\"2 minutes\" \/>\n<script type=\"application\/ld+json\" class=\"yoast-schema-graph\">{\"@context\":\"https:\/\/schema.org\",\"@graph\":[{\"@type\":\"WebPage\",\"@id\":\"https:\/\/spgroups.ch\/de\/karriere\/ingenieur-fuer-die-projektleitung-in-der-automation-und-industrieinformatik\/\",\"url\":\"https:\/\/spgroups.ch\/de\/karriere\/ingenieur-fuer-die-projektleitung-in-der-automation-und-industrieinformatik\/\",\"name\":\"Ingenieur f\u00fcr die Projektleitung in der Automation und Industrieinformatik | SP GROUPS\",\"isPartOf\":{\"@id\":\"https:\/\/spgroups.ch\/de\/#website\"},\"datePublished\":\"2021-05-06T13:36:39+00:00\",\"dateModified\":\"2021-06-16T07:51:00+00:00\",\"breadcrumb\":{\"@id\":\"https:\/\/spgroups.ch\/de\/karriere\/ingenieur-fuer-die-projektleitung-in-der-automation-und-industrieinformatik\/#breadcrumb\"},\"inLanguage\":\"de-DE\",\"potentialAction\":[{\"@type\":\"ReadAction\",\"target\":[\"https:\/\/spgroups.ch\/de\/karriere\/ingenieur-fuer-die-projektleitung-in-der-automation-und-industrieinformatik\/\"]}]},{\"@type\":\"BreadcrumbList\",\"@id\":\"https:\/\/spgroups.ch\/de\/karriere\/ingenieur-fuer-die-projektleitung-in-der-automation-und-industrieinformatik\/#breadcrumb\",\"itemListElement\":[{\"@type\":\"ListItem\",\"position\":1,\"name\":\"Startseite\",\"item\":\"https:\/\/spgroups.ch\/de\/\"},{\"@type\":\"ListItem\",\"position\":2,\"name\":\"Karriere\",\"item\":\"https:\/\/spgroups.ch\/de\/karriere\/\"},{\"@type\":\"ListItem\",\"position\":3,\"name\":\"Ingenieur f\u00fcr die Projektleitung in der Automation und Industrieinformatik\"}]},{\"@type\":\"WebSite\",\"@id\":\"https:\/\/spgroups.ch\/de\/#website\",\"url\":\"https:\/\/spgroups.ch\/de\/\",\"name\":\"SP GROUPS\",\"description\":\"SP GROUPS\",\"publisher\":{\"@id\":\"https:\/\/spgroups.ch\/de\/#organization\"},\"potentialAction\":[{\"@type\":\"SearchAction\",\"target\":{\"@type\":\"EntryPoint\",\"urlTemplate\":\"https:\/\/spgroups.ch\/de\/?s={search_term_string}\"},\"query-input\":{\"@type\":\"PropertyValueSpecification\",\"valueRequired\":true,\"valueName\":\"search_term_string\"}}],\"inLanguage\":\"de-DE\"},{\"@type\":\"Organization\",\"@id\":\"https:\/\/spgroups.ch\/de\/#organization\",\"name\":\"SP GROUPS\",\"url\":\"https:\/\/spgroups.ch\/de\/\",\"logo\":{\"@type\":\"ImageObject\",\"inLanguage\":\"de-DE\",\"@id\":\"https:\/\/spgroups.ch\/de\/#\/schema\/logo\/image\/\",\"url\":\"https:\/\/spgroups.ch\/wp-content\/uploads\/2020\/11\/logo-spgroups-RVB-1.png\",\"contentUrl\":\"https:\/\/spgroups.ch\/wp-content\/uploads\/2020\/11\/logo-spgroups-RVB-1.png\",\"width\":992,\"height\":551,\"caption\":\"SP GROUPS\"},\"image\":{\"@id\":\"https:\/\/spgroups.ch\/de\/#\/schema\/logo\/image\/\"}}]}<\/script>\n<!-- \/ Yoast SEO plugin. -->","yoast_head_json":{"title":"Ingenieur f\u00fcr die Projektleitung in der Automation und Industrieinformatik | SP GROUPS","robots":{"index":"index","follow":"follow","max-snippet":"max-snippet:-1","max-image-preview":"max-image-preview:large","max-video-preview":"max-video-preview:-1"},"canonical":"https:\/\/spgroups.ch\/de\/karriere\/ingenieur-fuer-die-projektleitung-in-der-automation-und-industrieinformatik\/","og_locale":"de_DE","og_type":"article","og_title":"Ingenieur f\u00fcr die Projektleitung in der Automation und Industrieinformatik | SP GROUPS","og_description":"[vc_row type=&#8221;in_container&#8221; full_screen_row_position=&#8221;middle&#8221; column_margin=&#8221;default&#8221; column_direction=&#8221;default&#8221; column_direction_tablet=&#8221;default&#8221; column_direction_phone=&#8221;default&#8221; scene_position=&#8221;center&#8221; top_padding=&#8221;3%&#8221; bottom_padding=&#8221;0&#8243; text_color=&#8221;dark&#8221; text_align=&#8221;left&#8221; row_border_radius=&#8221;none&#8221; row_border_radius_applies=&#8221;bg&#8221; overlay_strength=&#8221;0.3&#8243; gradient_direction=&#8221;left_to_right&#8221; shape_divider_position=&#8221;bottom&#8221; bg_image_animation=&#8221;none&#8221; shape_type=&#8221;&#8221;][vc_column column_padding=&#8221;no-extra-padding&#8221; column_padding_tablet=&#8221;inherit&#8221; column_padding_phone=&#8221;inherit&#8221; column_padding_position=&#8221;all&#8221; centered_text=&#8221;true&#8221; background_color_opacity=&#8221;1&#8243; background_hover_color_opacity=&#8221;1&#8243; column_shadow=&#8221;none&#8221; column_border_radius=&#8221;none&#8221; column_link_target=&#8221;_self&#8221; gradient_direction=&#8221;left_to_right&#8221;...","og_url":"https:\/\/spgroups.ch\/de\/karriere\/ingenieur-fuer-die-projektleitung-in-der-automation-und-industrieinformatik\/","og_site_name":"SP GROUPS","article_modified_time":"2021-06-16T07:51:00+00:00","twitter_card":"summary_large_image","twitter_misc":{"Est. reading time":"2 minutes"},"schema":{"@context":"https:\/\/schema.org","@graph":[{"@type":"WebPage","@id":"https:\/\/spgroups.ch\/de\/karriere\/ingenieur-fuer-die-projektleitung-in-der-automation-und-industrieinformatik\/","url":"https:\/\/spgroups.ch\/de\/karriere\/ingenieur-fuer-die-projektleitung-in-der-automation-und-industrieinformatik\/","name":"Ingenieur f\u00fcr die Projektleitung in der Automation und Industrieinformatik | SP GROUPS","isPartOf":{"@id":"https:\/\/spgroups.ch\/de\/#website"},"datePublished":"2021-05-06T13:36:39+00:00","dateModified":"2021-06-16T07:51:00+00:00","breadcrumb":{"@id":"https:\/\/spgroups.ch\/de\/karriere\/ingenieur-fuer-die-projektleitung-in-der-automation-und-industrieinformatik\/#breadcrumb"},"inLanguage":"de-DE","potentialAction":[{"@type":"ReadAction","target":["https:\/\/spgroups.ch\/de\/karriere\/ingenieur-fuer-die-projektleitung-in-der-automation-und-industrieinformatik\/"]}]},{"@type":"BreadcrumbList","@id":"https:\/\/spgroups.ch\/de\/karriere\/ingenieur-fuer-die-projektleitung-in-der-automation-und-industrieinformatik\/#breadcrumb","itemListElement":[{"@type":"ListItem","position":1,"name":"Startseite","item":"https:\/\/spgroups.ch\/de\/"},{"@type":"ListItem","position":2,"name":"Karriere","item":"https:\/\/spgroups.ch\/de\/karriere\/"},{"@type":"ListItem","position":3,"name":"Ingenieur f\u00fcr die Projektleitung in der Automation und Industrieinformatik"}]},{"@type":"WebSite","@id":"https:\/\/spgroups.ch\/de\/#website","url":"https:\/\/spgroups.ch\/de\/","name":"SP GROUPS","description":"SP GROUPS","publisher":{"@id":"https:\/\/spgroups.ch\/de\/#organization"},"potentialAction":[{"@type":"SearchAction","target":{"@type":"EntryPoint","urlTemplate":"https:\/\/spgroups.ch\/de\/?s={search_term_string}"},"query-input":{"@type":"PropertyValueSpecification","valueRequired":true,"valueName":"search_term_string"}}],"inLanguage":"de-DE"},{"@type":"Organization","@id":"https:\/\/spgroups.ch\/de\/#organization","name":"SP GROUPS","url":"https:\/\/spgroups.ch\/de\/","logo":{"@type":"ImageObject","inLanguage":"de-DE","@id":"https:\/\/spgroups.ch\/de\/#\/schema\/logo\/image\/","url":"https:\/\/spgroups.ch\/wp-content\/uploads\/2020\/11\/logo-spgroups-RVB-1.png","contentUrl":"https:\/\/spgroups.ch\/wp-content\/uploads\/2020\/11\/logo-spgroups-RVB-1.png","width":992,"height":551,"caption":"SP GROUPS"},"image":{"@id":"https:\/\/spgroups.ch\/de\/#\/schema\/logo\/image\/"}}]}},"_links":{"self":[{"href":"https:\/\/spgroups.ch\/de\/wp-json\/wp\/v2\/pages\/7710","targetHints":{"allow":["GET"]}}],"collection":[{"href":"https:\/\/spgroups.ch\/de\/wp-json\/wp\/v2\/pages"}],"about":[{"href":"https:\/\/spgroups.ch\/de\/wp-json\/wp\/v2\/types\/page"}],"author":[{"embeddable":true,"href":"https:\/\/spgroups.ch\/de\/wp-json\/wp\/v2\/users\/16"}],"replies":[{"embeddable":true,"href":"https:\/\/spgroups.ch\/de\/wp-json\/wp\/v2\/comments?post=7710"}],"version-history":[{"count":8,"href":"https:\/\/spgroups.ch\/de\/wp-json\/wp\/v2\/pages\/7710\/revisions"}],"predecessor-version":[{"id":7864,"href":"https:\/\/spgroups.ch\/de\/wp-json\/wp\/v2\/pages\/7710\/revisions\/7864"}],"up":[{"embeddable":true,"href":"https:\/\/spgroups.ch\/de\/wp-json\/wp\/v2\/pages\/7698"}],"wp:attachment":[{"href":"https:\/\/spgroups.ch\/de\/wp-json\/wp\/v2\/media?parent=7710"}],"curies":[{"name":"wp","href":"https:\/\/api.w.org\/{rel}","templated":true}]}}