{"id":11,"date":"2014-06-06T08:50:57","date_gmt":"2014-06-06T07:50:57","guid":{"rendered":"https:\/\/spgroups.ch\/?page_id=11"},"modified":"2022-01-24T12:38:42","modified_gmt":"2022-01-24T11:38:42","slug":"mentions-legales","status":"publish","type":"page","link":"https:\/\/spgroups.ch\/fr\/mentions-legales\/","title":{"rendered":"Mentions l\u00e9gales"},"content":{"rendered":"<p><strong>Remarques importantes<\/strong><\/p>\n<p>Veuillez lire attentivement les conditions suivantes avant de continuer. En visitant le site de SP Groups ou de ses filiales (ci-apr\u00e8s sites Internet), vous d\u00e9clarez comprendre et accepter les conditions \u00e9nonc\u00e9es ci-dessous.<\/p>\n<p><strong>Copyright et droits sur la marque<\/strong><\/p>\n<p>Le contenu de toutes les pages des sites internet est prot\u00e9g\u00e9 l\u00e9galement par les droits d&rsquo;auteur. Tous les droits sont d\u00e9tenus par SP Groups ou des tiers. Les \u00e9l\u00e9ments des sites internet sont accessibles au public uniquement pour la navigation. La photocopie du tout ou d&rsquo;une partie des documents sous forme \u00e9crite ou \u00e9lectronique n&rsquo;est autoris\u00e9e qu&rsquo;avec la mention expresse de SP Groups. Il est interdit de reproduire, transmettre, modifier, r\u00e9unir ou utiliser les sites internet \u00e0 des fins commerciales ou de diffusion sauf autorisation pr\u00e9alable \u00e9crite. Tous les noms et logos contenus dans les sites internet sont des marques d\u00e9pos\u00e9es et prot\u00e9g\u00e9es. Les sites internet sont con\u00e7us de telle fa\u00e7on qu&rsquo;aucun droit ou licence ne peut \u00eatre octroy\u00e9 pour l&rsquo;utilisation d&rsquo;une illustration, d&rsquo;une marque d\u00e9pos\u00e9e ou d&rsquo;un logo. Le t\u00e9l\u00e9chargement ou la copie int\u00e9grale ou partielle des sites internet ne conc\u00e8de aucun droit sur le logiciel ou les \u00e9l\u00e9ments contenus dans le site. SP Groups se r\u00e9serve tous les droits sur l&rsquo;ensemble du contenu des sites internet, \u00e0 l&rsquo;exception des droits d\u00e9tenus par des tiers. Les photos sont prot\u00e9g\u00e9es par un copyright \u00a9 et sont propri\u00e9t\u00e9s de leurs auteurs.<\/p>\n<p><strong>Aucune garantie<\/strong><\/p>\n<p>Bien qu\u2019SP Groups s&#8217;emploie en toute bonne foi \u00e0 garantir la fiabilit\u00e9 des informations contenues dans les sites internet au moment de leur publication, ni SP Groups ni ses partenaires contractuels ne peuvent certifier ou attester formellement de mani\u00e8re explicite ou implicite (\u00e9galement vis \u00e0 vis de tiers) l&rsquo;exactitude, la fiabilit\u00e9 et l&rsquo;exhaustivit\u00e9 des informations contenues dans les sites Internet. Les opinions \u00e9mises ou autres informations contenues dans les sites Internet peuvent \u00eatre modifi\u00e9es en tout temps sans avertissement pr\u00e9alable. SP Groups se d\u00e9gage de toute responsabilit\u00e9 et ne garantit nullement que les fonctions disponibles sur les sites internet ne soient jamais interrompues ni l&rsquo;absence de virus ou autres \u00e9l\u00e9ments dommageables dans le navigateur concern\u00e9.<\/p>\n<p><strong>Restriction de la responsabilit\u00e9<\/strong><\/p>\n<p>SP Groups se d\u00e9gage de toute responsabilit\u00e9 (\u00e9galement en cas de faute) pour les dommages directs, indirects ou cons\u00e9cutifs pouvant r\u00e9sulter de l&rsquo;acc\u00e8s aux \u00e9l\u00e9ments des sites internet ou \u00e0 leur utilisation, respectivement \u00e0 l&rsquo;impossibilit\u00e9 d&rsquo;y acc\u00e9der ou de les utiliser ou encore r\u00e9sultant de la connexion \u00e0 d&rsquo;autres sites Internet.<\/p>\n<p><strong>Connexions \u00e0 d&rsquo;autres sites Internet<\/strong><\/p>\n<p>Les sites internet contiennent des liens vers des sites de tiers qui peuvent vous int\u00e9resser. En activant ces liens, vous quittez \u00e9ventuellement les sites internet ou des fen\u00eatres de sites tiers apparaissent dans l&rsquo;environnement des sites internet. SP Groups n&rsquo;a aucun contr\u00f4le sur les sites Internet de tiers li\u00e9s \u00e0 ses sites et ne peut \u00eatre en aucun cas tenu pour responsable du contenu et du fonctionnement de ces sites Internet. Ceci vaut ind\u00e9pendamment du fait que vous quittiez l&rsquo;environnement des sites internet SP Groups en activant un lien ou que la pr\u00e9sentation d&rsquo;un site tiers apparaisse dans l&rsquo;environnement des sites internet SP Groups, m\u00eame lorsque dans ce cas le fournisseur des informations contenues dans ce site tiers n&rsquo;appara\u00eet pas clairement. Le risque ou le danger pouvant d\u00e9couler de la connexion avec des sites tiers ou de leur consultation est exclusivement affaire de l&rsquo;utilisateur.<\/p>\n<p><strong>Protection des donn\u00e9es<\/strong><\/p>\n<p>La protection des donn\u00e9es est pour SPgroups une priorit\u00e9. En tant que visiteur de nos sites internet, vous d\u00e9cidez des informations que vous acceptez de nous donner. De mani\u00e8re g\u00e9n\u00e9rale, sans autorisation expresse de votre part, aucune donn\u00e9e personnelle vous concernant n&rsquo;est enregistr\u00e9e apr\u00e8s votre visite. Dans certains cas, vos noms et adresses sont requis ; lorsque de telles informations personnelles sont n\u00e9cessaires, nous vous en informons en bonne et due forme. Lorsque nous recevons des donn\u00e9es via Internet ou e-mail, celles-ci sont trait\u00e9es en toute confidentialit\u00e9. Veuillez noter que ces donn\u00e9es peuvent \u00eatre confi\u00e9es aux partenaires de SP Groups. En outre, nous nous r\u00e9servons le droit d&rsquo;utiliser vos coordonn\u00e9es \u00e0 des fins de marketing ou de mandater une entreprise tiers pour effectuer un projet sp\u00e9cifique. Tout autre utilisation de vos donn\u00e9es personnelles, en particulier la vente \u00e0 des tiers, est express\u00e9ment exclue.<\/p>\n<p><strong>Cookies<\/strong><\/p>\n<p>Les cookies sont des codes qu&rsquo;un serveur enregistre sur votre disque dur pour mieux vous identifier sur les syst\u00e8mes de banques de donn\u00e9es prot\u00e9g\u00e9es. Vous pouvez cependant configurer votre navigateur pour qu&rsquo;il vous avertisse lorsque vous recevez un cookie ou pour refuser automatiquement ce type d&rsquo;\u00e9change. C&rsquo;est donc vous qui d\u00e9cidez si vous l&rsquo;acceptez ou non. Mais refuser les cookies implique que vous ne pouvez pas utiliser toutes les prestations des sites Internet.<\/p>\n<p><strong>Envoi de Newsletter<\/strong><\/p>\n<p>SP Groups envoie ses lettres d&rsquo;information ou autres informations par courrier \u00e9lectronique. Si vous d\u00e9sirez vous inscrire \u00e0 ce service, nous attirons votre attention sur le fait que tous les e-mails sont transmis sous forme non crypt\u00e9e, ce qui signifie que ces donn\u00e9es peuvent \u00eatre intercept\u00e9es et lues par des tiers.<\/p>\n<p><strong>D\u00e9sinscription (Opt Out Policy)<\/strong><\/p>\n<p>La d\u00e9sinscription \u00e0 la lettre d&rsquo;information de SP Groups est possible \u00e0 n&rsquo;importe quel moment. Chaque lettre d&rsquo;information contient un lien direct permettant de se d\u00e9sinscrire automatiquement et facilement.<\/p>\n<p><strong>G\u00e9n\u00e9ral<\/strong><\/p>\n<p>La derni\u00e8re modification de cette page a eu lieu le 1er juin 2015. Si vous avez des questions ou des commentaires sur nos informations l\u00e9gales ou sur la protection des donn\u00e9es, veuillez nous contacter \u00e0 l&rsquo;adresse\u00a0<span id=\"cloakdfbfd5cfc70351231b141cb44d279232\"><a href=\"mailto:info@spgroups.ch\">info@spgroups.ch<\/a><\/span>.<\/p>\n","protected":false},"excerpt":{"rendered":"<p>Remarques importantes Veuillez lire attentivement les conditions suivantes avant de continuer. En visitant le site de SP Groups ou de ses filiales (ci-apr\u00e8s sites Internet), vous d\u00e9clarez comprendre et accepter&#8230;<\/p>\n","protected":false},"author":16,"featured_media":0,"parent":0,"menu_order":0,"comment_status":"closed","ping_status":"closed","template":"","meta":{"footnotes":""},"class_list":["post-11","page","type-page","status-publish"],"yoast_head":"<!-- This site is optimized with the Yoast SEO plugin v26.7 - https:\/\/yoast.com\/wordpress\/plugins\/seo\/ -->\n<title>Mentions l\u00e9gales | SP GROUPS<\/title>\n<meta name=\"robots\" content=\"noindex, follow\" \/>\n<meta property=\"og:locale\" content=\"fr_FR\" \/>\n<meta property=\"og:type\" content=\"article\" \/>\n<meta property=\"og:title\" content=\"Mentions l\u00e9gales | SP GROUPS\" \/>\n<meta property=\"og:description\" content=\"Remarques importantes Veuillez lire attentivement les conditions suivantes avant de continuer. En visitant le site de SP Groups ou de ses filiales (ci-apr\u00e8s sites Internet), vous d\u00e9clarez comprendre et accepter...\" \/>\n<meta property=\"og:url\" content=\"https:\/\/spgroups.ch\/fr\/mentions-legales\/\" \/>\n<meta property=\"og:site_name\" content=\"SP GROUPS\" \/>\n<meta property=\"article:modified_time\" content=\"2022-01-24T11:38:42+00:00\" \/>\n<meta name=\"twitter:card\" content=\"summary_large_image\" \/>\n<meta name=\"twitter:label1\" content=\"Dur\u00e9e de lecture estim\u00e9e\" \/>\n\t<meta name=\"twitter:data1\" content=\"4 minutes\" \/>\n<script type=\"application\/ld+json\" class=\"yoast-schema-graph\">{\"@context\":\"https:\/\/schema.org\",\"@graph\":[{\"@type\":\"WebPage\",\"@id\":\"https:\/\/spgroups.ch\/fr\/mentions-legales\/\",\"url\":\"https:\/\/spgroups.ch\/fr\/mentions-legales\/\",\"name\":\"Mentions l\u00e9gales | SP GROUPS\",\"isPartOf\":{\"@id\":\"https:\/\/spgroups.ch\/fr\/#website\"},\"datePublished\":\"2014-06-06T07:50:57+00:00\",\"dateModified\":\"2022-01-24T11:38:42+00:00\",\"breadcrumb\":{\"@id\":\"https:\/\/spgroups.ch\/fr\/mentions-legales\/#breadcrumb\"},\"inLanguage\":\"fr-FR\",\"potentialAction\":[{\"@type\":\"ReadAction\",\"target\":[\"https:\/\/spgroups.ch\/fr\/mentions-legales\/\"]}]},{\"@type\":\"BreadcrumbList\",\"@id\":\"https:\/\/spgroups.ch\/fr\/mentions-legales\/#breadcrumb\",\"itemListElement\":[{\"@type\":\"ListItem\",\"position\":1,\"name\":\"Accueil\",\"item\":\"https:\/\/spgroups.ch\/fr\/\"},{\"@type\":\"ListItem\",\"position\":2,\"name\":\"Mentions l\u00e9gales\"}]},{\"@type\":\"WebSite\",\"@id\":\"https:\/\/spgroups.ch\/fr\/#website\",\"url\":\"https:\/\/spgroups.ch\/fr\/\",\"name\":\"SP GROUPS\",\"description\":\"SP GROUPS\",\"publisher\":{\"@id\":\"https:\/\/spgroups.ch\/fr\/#organization\"},\"potentialAction\":[{\"@type\":\"SearchAction\",\"target\":{\"@type\":\"EntryPoint\",\"urlTemplate\":\"https:\/\/spgroups.ch\/fr\/?s={search_term_string}\"},\"query-input\":{\"@type\":\"PropertyValueSpecification\",\"valueRequired\":true,\"valueName\":\"search_term_string\"}}],\"inLanguage\":\"fr-FR\"},{\"@type\":\"Organization\",\"@id\":\"https:\/\/spgroups.ch\/fr\/#organization\",\"name\":\"SP GROUPS\",\"url\":\"https:\/\/spgroups.ch\/fr\/\",\"logo\":{\"@type\":\"ImageObject\",\"inLanguage\":\"fr-FR\",\"@id\":\"https:\/\/spgroups.ch\/fr\/#\/schema\/logo\/image\/\",\"url\":\"https:\/\/spgroups.ch\/wp-content\/uploads\/2020\/11\/logo-spgroups-RVB-1.png\",\"contentUrl\":\"https:\/\/spgroups.ch\/wp-content\/uploads\/2020\/11\/logo-spgroups-RVB-1.png\",\"width\":992,\"height\":551,\"caption\":\"SP GROUPS\"},\"image\":{\"@id\":\"https:\/\/spgroups.ch\/fr\/#\/schema\/logo\/image\/\"}}]}<\/script>\n<!-- \/ Yoast SEO plugin. -->","yoast_head_json":{"title":"Mentions l\u00e9gales | SP GROUPS","robots":{"index":"noindex","follow":"follow"},"og_locale":"fr_FR","og_type":"article","og_title":"Mentions l\u00e9gales | SP GROUPS","og_description":"Remarques importantes Veuillez lire attentivement les conditions suivantes avant de continuer. En visitant le site de SP Groups ou de ses filiales (ci-apr\u00e8s sites Internet), vous d\u00e9clarez comprendre et accepter...","og_url":"https:\/\/spgroups.ch\/fr\/mentions-legales\/","og_site_name":"SP GROUPS","article_modified_time":"2022-01-24T11:38:42+00:00","twitter_card":"summary_large_image","twitter_misc":{"Dur\u00e9e de lecture estim\u00e9e":"4 minutes"},"schema":{"@context":"https:\/\/schema.org","@graph":[{"@type":"WebPage","@id":"https:\/\/spgroups.ch\/fr\/mentions-legales\/","url":"https:\/\/spgroups.ch\/fr\/mentions-legales\/","name":"Mentions l\u00e9gales | SP GROUPS","isPartOf":{"@id":"https:\/\/spgroups.ch\/fr\/#website"},"datePublished":"2014-06-06T07:50:57+00:00","dateModified":"2022-01-24T11:38:42+00:00","breadcrumb":{"@id":"https:\/\/spgroups.ch\/fr\/mentions-legales\/#breadcrumb"},"inLanguage":"fr-FR","potentialAction":[{"@type":"ReadAction","target":["https:\/\/spgroups.ch\/fr\/mentions-legales\/"]}]},{"@type":"BreadcrumbList","@id":"https:\/\/spgroups.ch\/fr\/mentions-legales\/#breadcrumb","itemListElement":[{"@type":"ListItem","position":1,"name":"Accueil","item":"https:\/\/spgroups.ch\/fr\/"},{"@type":"ListItem","position":2,"name":"Mentions l\u00e9gales"}]},{"@type":"WebSite","@id":"https:\/\/spgroups.ch\/fr\/#website","url":"https:\/\/spgroups.ch\/fr\/","name":"SP GROUPS","description":"SP GROUPS","publisher":{"@id":"https:\/\/spgroups.ch\/fr\/#organization"},"potentialAction":[{"@type":"SearchAction","target":{"@type":"EntryPoint","urlTemplate":"https:\/\/spgroups.ch\/fr\/?s={search_term_string}"},"query-input":{"@type":"PropertyValueSpecification","valueRequired":true,"valueName":"search_term_string"}}],"inLanguage":"fr-FR"},{"@type":"Organization","@id":"https:\/\/spgroups.ch\/fr\/#organization","name":"SP GROUPS","url":"https:\/\/spgroups.ch\/fr\/","logo":{"@type":"ImageObject","inLanguage":"fr-FR","@id":"https:\/\/spgroups.ch\/fr\/#\/schema\/logo\/image\/","url":"https:\/\/spgroups.ch\/wp-content\/uploads\/2020\/11\/logo-spgroups-RVB-1.png","contentUrl":"https:\/\/spgroups.ch\/wp-content\/uploads\/2020\/11\/logo-spgroups-RVB-1.png","width":992,"height":551,"caption":"SP GROUPS"},"image":{"@id":"https:\/\/spgroups.ch\/fr\/#\/schema\/logo\/image\/"}}]}},"_links":{"self":[{"href":"https:\/\/spgroups.ch\/fr\/wp-json\/wp\/v2\/pages\/11","targetHints":{"allow":["GET"]}}],"collection":[{"href":"https:\/\/spgroups.ch\/fr\/wp-json\/wp\/v2\/pages"}],"about":[{"href":"https:\/\/spgroups.ch\/fr\/wp-json\/wp\/v2\/types\/page"}],"author":[{"embeddable":true,"href":"https:\/\/spgroups.ch\/fr\/wp-json\/wp\/v2\/users\/16"}],"replies":[{"embeddable":true,"href":"https:\/\/spgroups.ch\/fr\/wp-json\/wp\/v2\/comments?post=11"}],"version-history":[{"count":1,"href":"https:\/\/spgroups.ch\/fr\/wp-json\/wp\/v2\/pages\/11\/revisions"}],"predecessor-version":[{"id":8087,"href":"https:\/\/spgroups.ch\/fr\/wp-json\/wp\/v2\/pages\/11\/revisions\/8087"}],"wp:attachment":[{"href":"https:\/\/spgroups.ch\/fr\/wp-json\/wp\/v2\/media?parent=11"}],"curies":[{"name":"wp","href":"https:\/\/api.w.org\/{rel}","templated":true}]}}