{"id":5849,"date":"2020-11-04T14:23:43","date_gmt":"2020-11-04T13:23:43","guid":{"rendered":"https:\/\/spgroups.ch\/?page_id=5849"},"modified":"2024-09-05T14:41:19","modified_gmt":"2024-09-05T13:41:19","slug":"cas-clients","status":"publish","type":"page","link":"https:\/\/spgroups.ch\/fr\/cas-clients\/","title":{"rendered":"Cas clients"},"content":{"rendered":"[vc_row type=\u00a0\u00bbin_container\u00a0\u00bb full_screen_row_position=\u00a0\u00bbmiddle\u00a0\u00bb column_margin=\u00a0\u00bbdefault\u00a0\u00bb column_direction=\u00a0\u00bbdefault\u00a0\u00bb column_direction_tablet=\u00a0\u00bbdefault\u00a0\u00bb column_direction_phone=\u00a0\u00bbdefault\u00a0\u00bb scene_position=\u00a0\u00bbcenter\u00a0\u00bb text_color=\u00a0\u00bbdark\u00a0\u00bb text_align=\u00a0\u00bbleft\u00a0\u00bb row_border_radius=\u00a0\u00bbnone\u00a0\u00bb row_border_radius_applies=\u00a0\u00bbbg\u00a0\u00bb overlay_strength=\u00a0\u00bb0.3&Prime; gradient_direction=\u00a0\u00bbleft_to_right\u00a0\u00bb shape_divider_position=\u00a0\u00bbbottom\u00a0\u00bb bg_image_animation=\u00a0\u00bbnone\u00a0\u00bb][vc_column column_padding=\u00a0\u00bbno-extra-padding\u00a0\u00bb column_padding_tablet=\u00a0\u00bbinherit\u00a0\u00bb column_padding_phone=\u00a0\u00bbinherit\u00a0\u00bb column_padding_position=\u00a0\u00bball\u00a0\u00bb column_element_spacing=\u00a0\u00bbdefault\u00a0\u00bb background_color_opacity=\u00a0\u00bb1&Prime; background_hover_color_opacity=\u00a0\u00bb1&Prime; column_shadow=\u00a0\u00bbnone\u00a0\u00bb column_border_radius=\u00a0\u00bbnone\u00a0\u00bb column_link_target=\u00a0\u00bb_self\u00a0\u00bb gradient_direction=\u00a0\u00bbleft_to_right\u00a0\u00bb overlay_strength=\u00a0\u00bb0.3&Prime; width=\u00a0\u00bb1\/1&Prime; tablet_width_inherit=\u00a0\u00bbdefault\u00a0\u00bb tablet_text_alignment=\u00a0\u00bbdefault\u00a0\u00bb phone_text_alignment=\u00a0\u00bbdefault\u00a0\u00bb bg_image_animation=\u00a0\u00bbnone\u00a0\u00bb border_type=\u00a0\u00bbsimple\u00a0\u00bb column_border_width=\u00a0\u00bbnone\u00a0\u00bb column_border_style=\u00a0\u00bbsolid\u00a0\u00bb][heading]\n<h1 style=\"text-align: center;\">D\u00e9couvrez tous nos cas clients !<\/h1>\n[\/heading][vc_column_text css_animation=\u00a0\u00bbfadeInUp\u00a0\u00bb]\n<h2 style=\"text-align: center;\"><strong>Pharma, Biotech, a\u00e9roportuaire, chimie fine, biotech ou data center : quel que soit votre secteur d&rsquo;activit\u00e9, nous transformons vos besoins en une solution globale.<\/strong><\/h2>\n<h3 style=\"text-align: center;\">D\u00e9couvrez nos r\u00e9alisations :<\/h3>\n[\/vc_column_text][nectar_post_grid post_type=\u00a0\u00bbpost\u00a0\u00bb blog_category=\u00a0\u00bball,secteur-aeroportuaire,secteur-biotech,secteur-chimi-fine,secteur-pharma\u00a0\u00bb order=\u00a0\u00bbDESC\u00a0\u00bb orderby=\u00a0\u00bbdate\u00a0\u00bb pagination=\u00a0\u00bbload-more\u00a0\u00bb button_color=\u00a0\u00bbextra-color-1&Prime; columns=\u00a0\u00bb3&Prime; grid_item_spacing=\u00a0\u00bb25px\u00a0\u00bb grid_item_height=\u00a0\u00bb30vh\u00a0\u00bb enable_sortable=\u00a0\u00bbyes\u00a0\u00bb sortable_alignment=\u00a0\u00bbdefault\u00a0\u00bb sortable_color=\u00a0\u00bbextra-color-1&Prime; image_size=\u00a0\u00bblarge\u00a0\u00bb image_loading=\u00a0\u00bbdefault\u00a0\u00bb animation=\u00a0\u00bbnone\u00a0\u00bb heading_tag=\u00a0\u00bbdefault\u00a0\u00bb display_categories=\u00a0\u00bbyes\u00a0\u00bb category_functionality=\u00a0\u00bbdefault\u00a0\u00bb display_excerpt=\u00a0\u00bbyes\u00a0\u00bb grid_style=\u00a0\u00bbcontent_under_image\u00a0\u00bb content_under_image_text_align=\u00a0\u00bbleft\u00a0\u00bb text_color=\u00a0\u00bbdark\u00a0\u00bb hover_effect=\u00a0\u00bbzoom\u00a0\u00bb border_radius=\u00a0\u00bb5px\u00a0\u00bb shadow_on_hover=\u00a0\u00bbyes\u00a0\u00bb posts_per_page=\u00a0\u00bb12&Prime;][\/vc_column][\/vc_row]\n","protected":false},"excerpt":{"rendered":"<p>[vc_row type=\u00a0\u00bbin_container\u00a0\u00bb full_screen_row_position=\u00a0\u00bbmiddle\u00a0\u00bb column_margin=\u00a0\u00bbdefault\u00a0\u00bb column_direction=\u00a0\u00bbdefault\u00a0\u00bb column_direction_tablet=\u00a0\u00bbdefault\u00a0\u00bb column_direction_phone=\u00a0\u00bbdefault\u00a0\u00bb scene_position=\u00a0\u00bbcenter\u00a0\u00bb text_color=\u00a0\u00bbdark\u00a0\u00bb text_align=\u00a0\u00bbleft\u00a0\u00bb row_border_radius=\u00a0\u00bbnone\u00a0\u00bb row_border_radius_applies=\u00a0\u00bbbg\u00a0\u00bb overlay_strength=\u00a0\u00bb0.3&Prime; gradient_direction=\u00a0\u00bbleft_to_right\u00a0\u00bb shape_divider_position=\u00a0\u00bbbottom\u00a0\u00bb bg_image_animation=\u00a0\u00bbnone\u00a0\u00bb][vc_column column_padding=\u00a0\u00bbno-extra-padding\u00a0\u00bb column_padding_tablet=\u00a0\u00bbinherit\u00a0\u00bb column_padding_phone=\u00a0\u00bbinherit\u00a0\u00bb column_padding_position=\u00a0\u00bball\u00a0\u00bb column_element_spacing=\u00a0\u00bbdefault\u00a0\u00bb background_color_opacity=\u00a0\u00bb1&Prime; background_hover_color_opacity=\u00a0\u00bb1&Prime; column_shadow=\u00a0\u00bbnone\u00a0\u00bb column_border_radius=\u00a0\u00bbnone\u00a0\u00bb column_link_target=\u00a0\u00bb_self\u00a0\u00bb gradient_direction=\u00a0\u00bbleft_to_right\u00a0\u00bb overlay_strength=\u00a0\u00bb0.3&Prime; width=\u00a0\u00bb1\/1&Prime; tablet_width_inherit=\u00a0\u00bbdefault\u00a0\u00bb&#8230;<\/p>\n","protected":false},"author":16,"featured_media":0,"parent":0,"menu_order":0,"comment_status":"closed","ping_status":"closed","template":"","meta":{"footnotes":""},"class_list":["post-5849","page","type-page","status-publish"],"yoast_head":"<!-- This site is optimized with the Yoast SEO plugin v26.7 - https:\/\/yoast.com\/wordpress\/plugins\/seo\/ -->\n<title>Nos cas clients et r\u00e9alisations | SP Groups<\/title>\n<meta name=\"description\" content=\"Nos r\u00e9f\u00e9rences sont vari\u00e9es et mettent en exergue la qualit\u00e9 de notre travail. Retrouvez l&#039;ensemble de nos r\u00e9alisations\" \/>\n<meta name=\"robots\" content=\"index, follow, max-snippet:-1, max-image-preview:large, max-video-preview:-1\" \/>\n<link rel=\"canonical\" href=\"https:\/\/spgroups.ch\/fr\/cas-clients\/\" \/>\n<meta property=\"og:locale\" content=\"fr_FR\" \/>\n<meta property=\"og:type\" content=\"article\" \/>\n<meta property=\"og:title\" content=\"Nos cas clients et r\u00e9alisations | SP Groups\" \/>\n<meta property=\"og:description\" content=\"Nos r\u00e9f\u00e9rences sont vari\u00e9es et mettent en exergue la qualit\u00e9 de notre travail. Retrouvez l&#039;ensemble de nos r\u00e9alisations\" \/>\n<meta property=\"og:url\" content=\"https:\/\/spgroups.ch\/fr\/cas-clients\/\" \/>\n<meta property=\"og:site_name\" content=\"SP GROUPS\" \/>\n<meta property=\"article:modified_time\" content=\"2024-09-05T13:41:19+00:00\" \/>\n<meta name=\"twitter:card\" content=\"summary_large_image\" \/>\n<meta name=\"twitter:label1\" content=\"Dur\u00e9e de lecture estim\u00e9e\" \/>\n\t<meta name=\"twitter:data1\" content=\"1 minute\" \/>\n<script type=\"application\/ld+json\" class=\"yoast-schema-graph\">{\"@context\":\"https:\/\/schema.org\",\"@graph\":[{\"@type\":\"WebPage\",\"@id\":\"https:\/\/spgroups.ch\/fr\/cas-clients\/\",\"url\":\"https:\/\/spgroups.ch\/fr\/cas-clients\/\",\"name\":\"Nos cas clients et r\u00e9alisations | SP Groups\",\"isPartOf\":{\"@id\":\"https:\/\/spgroups.ch\/fr\/#website\"},\"datePublished\":\"2020-11-04T13:23:43+00:00\",\"dateModified\":\"2024-09-05T13:41:19+00:00\",\"description\":\"Nos r\u00e9f\u00e9rences sont vari\u00e9es et mettent en exergue la qualit\u00e9 de notre travail. Retrouvez l'ensemble de nos r\u00e9alisations\",\"breadcrumb\":{\"@id\":\"https:\/\/spgroups.ch\/fr\/cas-clients\/#breadcrumb\"},\"inLanguage\":\"fr-FR\",\"potentialAction\":[{\"@type\":\"ReadAction\",\"target\":[\"https:\/\/spgroups.ch\/fr\/cas-clients\/\"]}]},{\"@type\":\"BreadcrumbList\",\"@id\":\"https:\/\/spgroups.ch\/fr\/cas-clients\/#breadcrumb\",\"itemListElement\":[{\"@type\":\"ListItem\",\"position\":1,\"name\":\"Accueil\",\"item\":\"https:\/\/spgroups.ch\/fr\/\"},{\"@type\":\"ListItem\",\"position\":2,\"name\":\"Cas clients\"}]},{\"@type\":\"WebSite\",\"@id\":\"https:\/\/spgroups.ch\/fr\/#website\",\"url\":\"https:\/\/spgroups.ch\/fr\/\",\"name\":\"SP GROUPS\",\"description\":\"SP GROUPS\",\"publisher\":{\"@id\":\"https:\/\/spgroups.ch\/fr\/#organization\"},\"potentialAction\":[{\"@type\":\"SearchAction\",\"target\":{\"@type\":\"EntryPoint\",\"urlTemplate\":\"https:\/\/spgroups.ch\/fr\/?s={search_term_string}\"},\"query-input\":{\"@type\":\"PropertyValueSpecification\",\"valueRequired\":true,\"valueName\":\"search_term_string\"}}],\"inLanguage\":\"fr-FR\"},{\"@type\":\"Organization\",\"@id\":\"https:\/\/spgroups.ch\/fr\/#organization\",\"name\":\"SP GROUPS\",\"url\":\"https:\/\/spgroups.ch\/fr\/\",\"logo\":{\"@type\":\"ImageObject\",\"inLanguage\":\"fr-FR\",\"@id\":\"https:\/\/spgroups.ch\/fr\/#\/schema\/logo\/image\/\",\"url\":\"https:\/\/spgroups.ch\/wp-content\/uploads\/2020\/11\/logo-spgroups-RVB-1.png\",\"contentUrl\":\"https:\/\/spgroups.ch\/wp-content\/uploads\/2020\/11\/logo-spgroups-RVB-1.png\",\"width\":992,\"height\":551,\"caption\":\"SP GROUPS\"},\"image\":{\"@id\":\"https:\/\/spgroups.ch\/fr\/#\/schema\/logo\/image\/\"}}]}<\/script>\n<!-- \/ Yoast SEO plugin. -->","yoast_head_json":{"title":"Nos cas clients et r\u00e9alisations | SP Groups","description":"Nos r\u00e9f\u00e9rences sont vari\u00e9es et mettent en exergue la qualit\u00e9 de notre travail. Retrouvez l'ensemble de nos r\u00e9alisations","robots":{"index":"index","follow":"follow","max-snippet":"max-snippet:-1","max-image-preview":"max-image-preview:large","max-video-preview":"max-video-preview:-1"},"canonical":"https:\/\/spgroups.ch\/fr\/cas-clients\/","og_locale":"fr_FR","og_type":"article","og_title":"Nos cas clients et r\u00e9alisations | SP Groups","og_description":"Nos r\u00e9f\u00e9rences sont vari\u00e9es et mettent en exergue la qualit\u00e9 de notre travail. Retrouvez l'ensemble de nos r\u00e9alisations","og_url":"https:\/\/spgroups.ch\/fr\/cas-clients\/","og_site_name":"SP GROUPS","article_modified_time":"2024-09-05T13:41:19+00:00","twitter_card":"summary_large_image","twitter_misc":{"Dur\u00e9e de lecture estim\u00e9e":"1 minute"},"schema":{"@context":"https:\/\/schema.org","@graph":[{"@type":"WebPage","@id":"https:\/\/spgroups.ch\/fr\/cas-clients\/","url":"https:\/\/spgroups.ch\/fr\/cas-clients\/","name":"Nos cas clients et r\u00e9alisations | SP Groups","isPartOf":{"@id":"https:\/\/spgroups.ch\/fr\/#website"},"datePublished":"2020-11-04T13:23:43+00:00","dateModified":"2024-09-05T13:41:19+00:00","description":"Nos r\u00e9f\u00e9rences sont vari\u00e9es et mettent en exergue la qualit\u00e9 de notre travail. Retrouvez l'ensemble de nos r\u00e9alisations","breadcrumb":{"@id":"https:\/\/spgroups.ch\/fr\/cas-clients\/#breadcrumb"},"inLanguage":"fr-FR","potentialAction":[{"@type":"ReadAction","target":["https:\/\/spgroups.ch\/fr\/cas-clients\/"]}]},{"@type":"BreadcrumbList","@id":"https:\/\/spgroups.ch\/fr\/cas-clients\/#breadcrumb","itemListElement":[{"@type":"ListItem","position":1,"name":"Accueil","item":"https:\/\/spgroups.ch\/fr\/"},{"@type":"ListItem","position":2,"name":"Cas clients"}]},{"@type":"WebSite","@id":"https:\/\/spgroups.ch\/fr\/#website","url":"https:\/\/spgroups.ch\/fr\/","name":"SP GROUPS","description":"SP GROUPS","publisher":{"@id":"https:\/\/spgroups.ch\/fr\/#organization"},"potentialAction":[{"@type":"SearchAction","target":{"@type":"EntryPoint","urlTemplate":"https:\/\/spgroups.ch\/fr\/?s={search_term_string}"},"query-input":{"@type":"PropertyValueSpecification","valueRequired":true,"valueName":"search_term_string"}}],"inLanguage":"fr-FR"},{"@type":"Organization","@id":"https:\/\/spgroups.ch\/fr\/#organization","name":"SP GROUPS","url":"https:\/\/spgroups.ch\/fr\/","logo":{"@type":"ImageObject","inLanguage":"fr-FR","@id":"https:\/\/spgroups.ch\/fr\/#\/schema\/logo\/image\/","url":"https:\/\/spgroups.ch\/wp-content\/uploads\/2020\/11\/logo-spgroups-RVB-1.png","contentUrl":"https:\/\/spgroups.ch\/wp-content\/uploads\/2020\/11\/logo-spgroups-RVB-1.png","width":992,"height":551,"caption":"SP GROUPS"},"image":{"@id":"https:\/\/spgroups.ch\/fr\/#\/schema\/logo\/image\/"}}]}},"_links":{"self":[{"href":"https:\/\/spgroups.ch\/fr\/wp-json\/wp\/v2\/pages\/5849","targetHints":{"allow":["GET"]}}],"collection":[{"href":"https:\/\/spgroups.ch\/fr\/wp-json\/wp\/v2\/pages"}],"about":[{"href":"https:\/\/spgroups.ch\/fr\/wp-json\/wp\/v2\/types\/page"}],"author":[{"embeddable":true,"href":"https:\/\/spgroups.ch\/fr\/wp-json\/wp\/v2\/users\/16"}],"replies":[{"embeddable":true,"href":"https:\/\/spgroups.ch\/fr\/wp-json\/wp\/v2\/comments?post=5849"}],"version-history":[{"count":7,"href":"https:\/\/spgroups.ch\/fr\/wp-json\/wp\/v2\/pages\/5849\/revisions"}],"predecessor-version":[{"id":8587,"href":"https:\/\/spgroups.ch\/fr\/wp-json\/wp\/v2\/pages\/5849\/revisions\/8587"}],"wp:attachment":[{"href":"https:\/\/spgroups.ch\/fr\/wp-json\/wp\/v2\/media?parent=5849"}],"curies":[{"name":"wp","href":"https:\/\/api.w.org\/{rel}","templated":true}]}}