{"id":7716,"date":"2021-05-10T17:03:36","date_gmt":"2021-05-10T16:03:36","guid":{"rendered":"https:\/\/spgroups.ch\/?page_id=7716"},"modified":"2021-10-11T08:09:09","modified_gmt":"2021-10-11T07:09:09","slug":"ingenieur-electricien","status":"publish","type":"page","link":"https:\/\/spgroups.ch\/fr\/carriere\/ingenieur-electricien\/","title":{"rendered":"Ing\u00e9nieur \u00e9lectricien"},"content":{"rendered":"[vc_row type=\u00a0\u00bbin_container\u00a0\u00bb full_screen_row_position=\u00a0\u00bbmiddle\u00a0\u00bb column_margin=\u00a0\u00bbdefault\u00a0\u00bb column_direction=\u00a0\u00bbdefault\u00a0\u00bb column_direction_tablet=\u00a0\u00bbdefault\u00a0\u00bb column_direction_phone=\u00a0\u00bbdefault\u00a0\u00bb scene_position=\u00a0\u00bbcenter\u00a0\u00bb top_padding=\u00a0\u00bb3%\u00a0\u00bb bottom_padding=\u00a0\u00bb0&Prime; text_color=\u00a0\u00bbdark\u00a0\u00bb text_align=\u00a0\u00bbleft\u00a0\u00bb row_border_radius=\u00a0\u00bbnone\u00a0\u00bb row_border_radius_applies=\u00a0\u00bbbg\u00a0\u00bb overlay_strength=\u00a0\u00bb0.3&Prime; gradient_direction=\u00a0\u00bbleft_to_right\u00a0\u00bb shape_divider_position=\u00a0\u00bbbottom\u00a0\u00bb bg_image_animation=\u00a0\u00bbnone\u00a0\u00bb shape_type=\u00a0\u00bb\u00a0\u00bb][vc_column column_padding=\u00a0\u00bbno-extra-padding\u00a0\u00bb column_padding_tablet=\u00a0\u00bbinherit\u00a0\u00bb column_padding_phone=\u00a0\u00bbinherit\u00a0\u00bb column_padding_position=\u00a0\u00bball\u00a0\u00bb centered_text=\u00a0\u00bbtrue\u00a0\u00bb background_color_opacity=\u00a0\u00bb1&Prime; background_hover_color_opacity=\u00a0\u00bb1&Prime; column_shadow=\u00a0\u00bbnone\u00a0\u00bb column_border_radius=\u00a0\u00bbnone\u00a0\u00bb column_link_target=\u00a0\u00bb_self\u00a0\u00bb gradient_direction=\u00a0\u00bbleft_to_right\u00a0\u00bb overlay_strength=\u00a0\u00bb0.3&Prime; width=\u00a0\u00bb1\/1&Prime; tablet_width_inherit=\u00a0\u00bbdefault\u00a0\u00bb tablet_text_alignment=\u00a0\u00bbdefault\u00a0\u00bb phone_text_alignment=\u00a0\u00bbdefault\u00a0\u00bb column_border_width=\u00a0\u00bbnone\u00a0\u00bb column_border_style=\u00a0\u00bbsolid\u00a0\u00bb bg_image_animation=\u00a0\u00bbnone\u00a0\u00bb enable_animation=\u00a0\u00bbtrue\u00a0\u00bb animation=\u00a0\u00bbfade-in-from-bottom\u00a0\u00bb][vc_column_text]\n<h1 style=\"text-align: center;\">Electricien &#8211; bureau d&rsquo;\u00e9tude<\/h1>\n[\/vc_column_text][vc_column_text]\n<p style=\"text-align: center;\"><strong>70-100%<br \/>\n<\/strong><strong>Lieu d\u2019activit\u00e9 : Gen\u00e8ve ou Martigny (Suisse)<\/strong><\/p>\n[\/vc_column_text][divider line_type=\u00a0\u00bbSmall Line\u00a0\u00bb line_alignment=\u00a0\u00bbdefault\u00a0\u00bb line_thickness=\u00a0\u00bb2&Prime; divider_color=\u00a0\u00bbextra-color-1&Prime; animate=\u00a0\u00bbyes\u00a0\u00bb][\/vc_column][\/vc_row][vc_row type=\u00a0\u00bbfull_width_background\u00a0\u00bb full_screen_row_position=\u00a0\u00bbmiddle\u00a0\u00bb column_margin=\u00a0\u00bbdefault\u00a0\u00bb column_direction=\u00a0\u00bbdefault\u00a0\u00bb column_direction_tablet=\u00a0\u00bbdefault\u00a0\u00bb column_direction_phone=\u00a0\u00bbdefault\u00a0\u00bb scene_position=\u00a0\u00bbcenter\u00a0\u00bb top_padding=\u00a0\u00bb3%\u00a0\u00bb constrain_group_1=\u00a0\u00bbyes\u00a0\u00bb bottom_padding=\u00a0\u00bb3%\u00a0\u00bb left_padding_desktop=\u00a0\u00bb0&Prime; right_padding_desktop=\u00a0\u00bb0&Prime; text_color=\u00a0\u00bbdark\u00a0\u00bb text_align=\u00a0\u00bbleft\u00a0\u00bb row_border_radius=\u00a0\u00bbnone\u00a0\u00bb row_border_radius_applies=\u00a0\u00bbbg\u00a0\u00bb zindex=\u00a0\u00bb4&Prime; overlay_strength=\u00a0\u00bb0.3&Prime; gradient_direction=\u00a0\u00bbleft_to_right\u00a0\u00bb shape_divider_position=\u00a0\u00bbbottom\u00a0\u00bb bg_image_animation=\u00a0\u00bbnone\u00a0\u00bb shape_type=\u00a0\u00bb\u00a0\u00bb][vc_column column_padding=\u00a0\u00bbno-extra-padding\u00a0\u00bb column_padding_tablet=\u00a0\u00bbinherit\u00a0\u00bb column_padding_phone=\u00a0\u00bbinherit\u00a0\u00bb column_padding_position=\u00a0\u00bball\u00a0\u00bb background_color_opacity=\u00a0\u00bb1&Prime; background_hover_color_opacity=\u00a0\u00bb1&Prime; column_shadow=\u00a0\u00bbnone\u00a0\u00bb column_border_radius=\u00a0\u00bbnone\u00a0\u00bb column_link_target=\u00a0\u00bb_self\u00a0\u00bb gradient_direction=\u00a0\u00bbleft_to_right\u00a0\u00bb overlay_strength=\u00a0\u00bb0.3&Prime; width=\u00a0\u00bb1\/6&Prime; tablet_width_inherit=\u00a0\u00bbdefault\u00a0\u00bb tablet_text_alignment=\u00a0\u00bbdefault\u00a0\u00bb phone_text_alignment=\u00a0\u00bbdefault\u00a0\u00bb column_border_width=\u00a0\u00bbnone\u00a0\u00bb column_border_style=\u00a0\u00bbsolid\u00a0\u00bb bg_image_animation=\u00a0\u00bbnone\u00a0\u00bb][\/vc_column][vc_column column_padding=\u00a0\u00bbpadding-2-percent\u00a0\u00bb column_padding_tablet=\u00a0\u00bbinherit\u00a0\u00bb column_padding_phone=\u00a0\u00bbinherit\u00a0\u00bb column_padding_position=\u00a0\u00bball\u00a0\u00bb background_color=\u00a0\u00bb#ffffff\u00a0\u00bb background_color_opacity=\u00a0\u00bb1&Prime; background_hover_color_opacity=\u00a0\u00bb1&Prime; column_shadow=\u00a0\u00bbsmall_depth\u00a0\u00bb column_border_radius=\u00a0\u00bb10px\u00a0\u00bb column_link_target=\u00a0\u00bb_self\u00a0\u00bb gradient_direction=\u00a0\u00bbleft_to_right\u00a0\u00bb overlay_strength=\u00a0\u00bb0.3&Prime; width=\u00a0\u00bb2\/3&Prime; tablet_width_inherit=\u00a0\u00bbdefault\u00a0\u00bb tablet_text_alignment=\u00a0\u00bbdefault\u00a0\u00bb phone_text_alignment=\u00a0\u00bbdefault\u00a0\u00bb column_border_width=\u00a0\u00bb2px\u00a0\u00bb column_border_color=\u00a0\u00bb#ff5615&Prime; bg_image_animation=\u00a0\u00bbnone\u00a0\u00bb][vc_column_text]<strong>Votre mission<\/strong><\/p>\n<ul>\n<li style=\"font-weight: 400;\" aria-level=\"1\"><span style=\"font-weight: 400;\">Participer \u00e0 l\u2019ensemble des phases des projets (HT \/ MT \/ BT \/ courant faible)<\/span><\/li>\n<li style=\"font-weight: 400;\" aria-level=\"1\"><span style=\"font-weight: 400;\">Comprendre et traduire correctement les besoins du client et de maintenir une\u00a0 bonne relation avec lui tout au long du projet\u00a0<\/span><\/li>\n<li style=\"font-weight: 400;\" aria-level=\"1\"><span style=\"font-weight: 400;\">R\u00e9aliser les \u00e9tudes en charge de la gestion de l\u2019alimentation, de la distribution, de\u00a0 l\u2019\u00e9clairage, des prises, de la d\u00e9tection incendie, de la ventilation et l\u2019hydraulique (CVC,\u00a0 MCR), des acc\u00e8s, de la s\u00e9curit\u00e9 et des syst\u00e8mes de d\u00e9tection gaz.\u00a0<\/span><\/li>\n<li style=\"font-weight: 400;\" aria-level=\"1\"><span style=\"font-weight: 400;\">Etablir les bilans de puissance ainsi que les sch\u00e9mas d\u2019interconnexion. <\/span><span style=\"font-weight: 400;\">&#8211; <\/span><span style=\"font-weight: 400;\">R\u00e9diger les sp\u00e9cifications techniques, les sch\u00e9mas d\u00e9velopp\u00e9s, la nomenclature, la\u00a0 liste de c\u00e2bles, les implantations des armoires \u00e9lectriques.\u00a0<\/span><\/li>\n<li style=\"font-weight: 400;\" aria-level=\"1\"><span style=\"font-weight: 400;\">R\u00e9diger les dossiers d\u2019appels d\u2019offres, consulter les fournisseurs et r\u00e9aliser les\u00a0 comparatifs\u00a0<\/span><\/li>\n<li style=\"font-weight: 400;\" aria-level=\"1\"><span style=\"font-weight: 400;\">Contr\u00f4ler les travaux de r\u00e9alisation.<\/span><\/li>\n<li style=\"font-weight: 400;\" aria-level=\"1\">Maintenir une bonne relation avec les fournisseurs tout au long du projet.<\/li>\n<\/ul>\n<p><strong>Votre profil<\/strong><\/p>\n<ul>\n<li style=\"font-weight: 400;\" aria-level=\"1\"><span style=\"font-weight: 400;\">Formation CFC Electricien, ou Ing\u00e9nieur HES\u00a0\u00a0<\/span><\/li>\n<li style=\"font-weight: 400;\" aria-level=\"1\"><span style=\"font-weight: 400;\">5 ans de pratique professionnelle dans un bureau d\u2019\u00e9tude\u00a0<\/span><\/li>\n<li style=\"font-weight: 400;\" aria-level=\"1\"><span style=\"font-weight: 400;\">Connaissance des normes \u00e9lectriques Suisses, CAN\u00a0<\/span><\/li>\n<li style=\"font-weight: 400;\" aria-level=\"1\"><span style=\"font-weight: 400;\">Connaissance du logiciel E-Plan\u00a0<\/span><\/li>\n<li style=\"font-weight: 400;\" aria-level=\"1\"><span style=\"font-weight: 400;\">Exp\u00e9rience chantier, un plus\u00a0<\/span><\/li>\n<li style=\"font-weight: 400;\" aria-level=\"1\"><span style=\"font-weight: 400;\">Exp\u00e9rience REVIT, un plus\u00a0<\/span><\/li>\n<li style=\"font-weight: 400;\" aria-level=\"1\"><span style=\"font-weight: 400;\">Bonnes comp\u00e9tences r\u00e9dactionnelles\u00a0<\/span><\/li>\n<li style=\"font-weight: 400;\" aria-level=\"1\"><span style=\"font-weight: 400;\">Rigoureux, pr\u00e9cis, ouvert<\/span><\/li>\n<li style=\"font-weight: 400;\" aria-level=\"1\">Niveau anglais B1 minimum avec une ma\u00eetrise du vocabulaire technique<\/li>\n<li style=\"font-weight: 400;\" aria-level=\"1\">Allemand, un plus<\/li>\n<\/ul>\n<p><strong>Nous vous offrons<\/strong><\/p>\n<ul>\n<li>Un cadre de travail agr\u00e9able et stimulant dans une ambiance conviviale<\/li>\n<li>Des possibilit\u00e9s de formations ainsi que des opportunit\u00e9s de d\u00e9veloppement interne int\u00e9ressantes<\/li>\n<li>De nombreux avantages tels que 5 semaines de vacances par ann\u00e9e, 40 heures de travail par semaine, un 13e salaire, possibilit\u00e9 de faire du t\u00e9l\u00e9travail<\/li>\n<li>Le versement de primes pour commandes\/affaires apport\u00e9es, en fonction du montant de la commande client<\/li>\n<\/ul>\n<p><strong>Entr\u00e9e en fonction<br \/>\n<\/strong>De suite ou \u00e0 convenir<\/p>\n<p><strong>Interess\u00e9-e ?<br \/>\n<\/strong>Nos offres d\u2019emploi s\u2019adressent autant aux femmes qu\u2019aux hommes. Nous nous r\u00e9jouissons de recevoir votre dossier de candidature.[\/vc_column_text][divider line_type=\u00a0\u00bbNo Line\u00a0\u00bb custom_height=\u00a0\u00bb20px\u00a0\u00bb][\/vc_column][vc_column column_padding=\u00a0\u00bbno-extra-padding\u00a0\u00bb column_padding_tablet=\u00a0\u00bbinherit\u00a0\u00bb column_padding_phone=\u00a0\u00bbinherit\u00a0\u00bb column_padding_position=\u00a0\u00bball\u00a0\u00bb background_color_opacity=\u00a0\u00bb1&Prime; background_hover_color_opacity=\u00a0\u00bb1&Prime; column_shadow=\u00a0\u00bbnone\u00a0\u00bb column_border_radius=\u00a0\u00bbnone\u00a0\u00bb column_link_target=\u00a0\u00bb_self\u00a0\u00bb gradient_direction=\u00a0\u00bbleft_to_right\u00a0\u00bb overlay_strength=\u00a0\u00bb0.3&Prime; width=\u00a0\u00bb1\/6&Prime; tablet_width_inherit=\u00a0\u00bbdefault\u00a0\u00bb tablet_text_alignment=\u00a0\u00bbdefault\u00a0\u00bb phone_text_alignment=\u00a0\u00bbdefault\u00a0\u00bb column_border_width=\u00a0\u00bbnone\u00a0\u00bb column_border_style=\u00a0\u00bbsolid\u00a0\u00bb bg_image_animation=\u00a0\u00bbnone\u00a0\u00bb][\/vc_column][\/vc_row][vc_row type=\u00a0\u00bbin_container\u00a0\u00bb full_screen_row_position=\u00a0\u00bbmiddle\u00a0\u00bb column_margin=\u00a0\u00bbdefault\u00a0\u00bb column_direction=\u00a0\u00bbdefault\u00a0\u00bb column_direction_tablet=\u00a0\u00bbdefault\u00a0\u00bb column_direction_phone=\u00a0\u00bbdefault\u00a0\u00bb scene_position=\u00a0\u00bbcenter\u00a0\u00bb bottom_padding=\u00a0\u00bb3%\u00a0\u00bb translate_y=\u00a0\u00bb-40px\u00a0\u00bb text_color=\u00a0\u00bbdark\u00a0\u00bb text_align=\u00a0\u00bbleft\u00a0\u00bb row_border_radius=\u00a0\u00bbnone\u00a0\u00bb row_border_radius_applies=\u00a0\u00bbbg\u00a0\u00bb zindex=\u00a0\u00bb5&Prime; overlay_strength=\u00a0\u00bb0.3&Prime; gradient_direction=\u00a0\u00bbleft_to_right\u00a0\u00bb shape_divider_position=\u00a0\u00bbbottom\u00a0\u00bb bg_image_animation=\u00a0\u00bbnone\u00a0\u00bb shape_type=\u00a0\u00bb\u00a0\u00bb][vc_column column_padding=\u00a0\u00bbno-extra-padding\u00a0\u00bb column_padding_tablet=\u00a0\u00bbinherit\u00a0\u00bb column_padding_phone=\u00a0\u00bbinherit\u00a0\u00bb column_padding_position=\u00a0\u00bball\u00a0\u00bb centered_text=\u00a0\u00bbtrue\u00a0\u00bb background_color_opacity=\u00a0\u00bb1&Prime; background_hover_color_opacity=\u00a0\u00bb1&Prime; column_shadow=\u00a0\u00bbnone\u00a0\u00bb column_border_radius=\u00a0\u00bbnone\u00a0\u00bb column_link_target=\u00a0\u00bb_self\u00a0\u00bb gradient_direction=\u00a0\u00bbleft_to_right\u00a0\u00bb overlay_strength=\u00a0\u00bb0.3&Prime; width=\u00a0\u00bb1\/1&Prime; tablet_width_inherit=\u00a0\u00bbdefault\u00a0\u00bb tablet_text_alignment=\u00a0\u00bbdefault\u00a0\u00bb phone_text_alignment=\u00a0\u00bbdefault\u00a0\u00bb column_border_width=\u00a0\u00bbnone\u00a0\u00bb column_border_style=\u00a0\u00bbsolid\u00a0\u00bb bg_image_animation=\u00a0\u00bbnone\u00a0\u00bb][nectar_btn size=\u00a0\u00bblarge\u00a0\u00bb button_style=\u00a0\u00bbregular\u00a0\u00bb button_color_2=\u00a0\u00bbExtra-Color-1&Prime; icon_family=\u00a0\u00bbnone\u00a0\u00bb text=\u00a0\u00bbJe postule\u00a0\u00bb css_animation=\u00a0\u00bbslideInUp\u00a0\u00bb url=\u00a0\u00bb\/fr\/carriere\/rejoindre-les-equipes\/\u00a0\u00bb][\/vc_column][\/vc_row]\n","protected":false},"excerpt":{"rendered":"<p>[vc_row type=\u00a0\u00bbin_container\u00a0\u00bb full_screen_row_position=\u00a0\u00bbmiddle\u00a0\u00bb column_margin=\u00a0\u00bbdefault\u00a0\u00bb column_direction=\u00a0\u00bbdefault\u00a0\u00bb column_direction_tablet=\u00a0\u00bbdefault\u00a0\u00bb column_direction_phone=\u00a0\u00bbdefault\u00a0\u00bb scene_position=\u00a0\u00bbcenter\u00a0\u00bb top_padding=\u00a0\u00bb3%\u00a0\u00bb bottom_padding=\u00a0\u00bb0&Prime; text_color=\u00a0\u00bbdark\u00a0\u00bb text_align=\u00a0\u00bbleft\u00a0\u00bb row_border_radius=\u00a0\u00bbnone\u00a0\u00bb row_border_radius_applies=\u00a0\u00bbbg\u00a0\u00bb overlay_strength=\u00a0\u00bb0.3&Prime; gradient_direction=\u00a0\u00bbleft_to_right\u00a0\u00bb shape_divider_position=\u00a0\u00bbbottom\u00a0\u00bb bg_image_animation=\u00a0\u00bbnone\u00a0\u00bb shape_type=\u00a0\u00bb\u00a0\u00bb][vc_column column_padding=\u00a0\u00bbno-extra-padding\u00a0\u00bb column_padding_tablet=\u00a0\u00bbinherit\u00a0\u00bb column_padding_phone=\u00a0\u00bbinherit\u00a0\u00bb column_padding_position=\u00a0\u00bball\u00a0\u00bb centered_text=\u00a0\u00bbtrue\u00a0\u00bb background_color_opacity=\u00a0\u00bb1&Prime; background_hover_color_opacity=\u00a0\u00bb1&Prime; column_shadow=\u00a0\u00bbnone\u00a0\u00bb column_border_radius=\u00a0\u00bbnone\u00a0\u00bb column_link_target=\u00a0\u00bb_self\u00a0\u00bb gradient_direction=\u00a0\u00bbleft_to_right\u00a0\u00bb&#8230;<\/p>\n","protected":false},"author":16,"featured_media":0,"parent":7640,"menu_order":0,"comment_status":"closed","ping_status":"closed","template":"","meta":{"footnotes":""},"class_list":["post-7716","page","type-page","status-publish"],"yoast_head":"<!-- This site is optimized with the Yoast SEO plugin v26.7 - https:\/\/yoast.com\/wordpress\/plugins\/seo\/ -->\n<title>Ing\u00e9nieur \u00e9lectricien | SP GROUPS<\/title>\n<meta name=\"robots\" content=\"index, follow, max-snippet:-1, max-image-preview:large, max-video-preview:-1\" \/>\n<link rel=\"canonical\" href=\"https:\/\/spgroups.ch\/fr\/carriere\/ingenieur-electricien\/\" \/>\n<meta property=\"og:locale\" content=\"fr_FR\" \/>\n<meta property=\"og:type\" content=\"article\" \/>\n<meta property=\"og:title\" content=\"Ing\u00e9nieur \u00e9lectricien | SP GROUPS\" \/>\n<meta property=\"og:description\" content=\"[vc_row type=\u00a0\u00bbin_container\u00a0\u00bb full_screen_row_position=\u00a0\u00bbmiddle\u00a0\u00bb column_margin=\u00a0\u00bbdefault\u00a0\u00bb column_direction=\u00a0\u00bbdefault\u00a0\u00bb column_direction_tablet=\u00a0\u00bbdefault\u00a0\u00bb column_direction_phone=\u00a0\u00bbdefault\u00a0\u00bb scene_position=\u00a0\u00bbcenter\u00a0\u00bb top_padding=\u00a0\u00bb3%\u00a0\u00bb bottom_padding=\u00a0\u00bb0&Prime; text_color=\u00a0\u00bbdark\u00a0\u00bb text_align=\u00a0\u00bbleft\u00a0\u00bb row_border_radius=\u00a0\u00bbnone\u00a0\u00bb row_border_radius_applies=\u00a0\u00bbbg\u00a0\u00bb overlay_strength=\u00a0\u00bb0.3&Prime; gradient_direction=\u00a0\u00bbleft_to_right\u00a0\u00bb shape_divider_position=\u00a0\u00bbbottom\u00a0\u00bb bg_image_animation=\u00a0\u00bbnone\u00a0\u00bb shape_type=\u00a0\u00bb\u00a0\u00bb][vc_column column_padding=\u00a0\u00bbno-extra-padding\u00a0\u00bb column_padding_tablet=\u00a0\u00bbinherit\u00a0\u00bb column_padding_phone=\u00a0\u00bbinherit\u00a0\u00bb column_padding_position=\u00a0\u00bball\u00a0\u00bb centered_text=\u00a0\u00bbtrue\u00a0\u00bb background_color_opacity=\u00a0\u00bb1&Prime; background_hover_color_opacity=\u00a0\u00bb1&Prime; column_shadow=\u00a0\u00bbnone\u00a0\u00bb column_border_radius=\u00a0\u00bbnone\u00a0\u00bb column_link_target=\u00a0\u00bb_self\u00a0\u00bb gradient_direction=\u00a0\u00bbleft_to_right\u00a0\u00bb...\" \/>\n<meta property=\"og:url\" content=\"https:\/\/spgroups.ch\/fr\/carriere\/ingenieur-electricien\/\" \/>\n<meta property=\"og:site_name\" content=\"SP GROUPS\" \/>\n<meta property=\"article:modified_time\" content=\"2021-10-11T07:09:09+00:00\" \/>\n<meta name=\"twitter:card\" content=\"summary_large_image\" \/>\n<meta name=\"twitter:label1\" content=\"Dur\u00e9e de lecture estim\u00e9e\" \/>\n\t<meta name=\"twitter:data1\" content=\"3 minutes\" \/>\n<script type=\"application\/ld+json\" class=\"yoast-schema-graph\">{\"@context\":\"https:\/\/schema.org\",\"@graph\":[{\"@type\":\"WebPage\",\"@id\":\"https:\/\/spgroups.ch\/fr\/carriere\/ingenieur-electricien\/\",\"url\":\"https:\/\/spgroups.ch\/fr\/carriere\/ingenieur-electricien\/\",\"name\":\"Ing\u00e9nieur \u00e9lectricien | SP GROUPS\",\"isPartOf\":{\"@id\":\"https:\/\/spgroups.ch\/fr\/#website\"},\"datePublished\":\"2021-05-10T16:03:36+00:00\",\"dateModified\":\"2021-10-11T07:09:09+00:00\",\"breadcrumb\":{\"@id\":\"https:\/\/spgroups.ch\/fr\/carriere\/ingenieur-electricien\/#breadcrumb\"},\"inLanguage\":\"fr-FR\",\"potentialAction\":[{\"@type\":\"ReadAction\",\"target\":[\"https:\/\/spgroups.ch\/fr\/carriere\/ingenieur-electricien\/\"]}]},{\"@type\":\"BreadcrumbList\",\"@id\":\"https:\/\/spgroups.ch\/fr\/carriere\/ingenieur-electricien\/#breadcrumb\",\"itemListElement\":[{\"@type\":\"ListItem\",\"position\":1,\"name\":\"Accueil\",\"item\":\"https:\/\/spgroups.ch\/fr\/\"},{\"@type\":\"ListItem\",\"position\":2,\"name\":\"Carri\u00e8re\",\"item\":\"https:\/\/spgroups.ch\/fr\/carriere\/\"},{\"@type\":\"ListItem\",\"position\":3,\"name\":\"Ing\u00e9nieur \u00e9lectricien\"}]},{\"@type\":\"WebSite\",\"@id\":\"https:\/\/spgroups.ch\/fr\/#website\",\"url\":\"https:\/\/spgroups.ch\/fr\/\",\"name\":\"SP GROUPS\",\"description\":\"SP GROUPS\",\"publisher\":{\"@id\":\"https:\/\/spgroups.ch\/fr\/#organization\"},\"potentialAction\":[{\"@type\":\"SearchAction\",\"target\":{\"@type\":\"EntryPoint\",\"urlTemplate\":\"https:\/\/spgroups.ch\/fr\/?s={search_term_string}\"},\"query-input\":{\"@type\":\"PropertyValueSpecification\",\"valueRequired\":true,\"valueName\":\"search_term_string\"}}],\"inLanguage\":\"fr-FR\"},{\"@type\":\"Organization\",\"@id\":\"https:\/\/spgroups.ch\/fr\/#organization\",\"name\":\"SP GROUPS\",\"url\":\"https:\/\/spgroups.ch\/fr\/\",\"logo\":{\"@type\":\"ImageObject\",\"inLanguage\":\"fr-FR\",\"@id\":\"https:\/\/spgroups.ch\/fr\/#\/schema\/logo\/image\/\",\"url\":\"https:\/\/spgroups.ch\/wp-content\/uploads\/2020\/11\/logo-spgroups-RVB-1.png\",\"contentUrl\":\"https:\/\/spgroups.ch\/wp-content\/uploads\/2020\/11\/logo-spgroups-RVB-1.png\",\"width\":992,\"height\":551,\"caption\":\"SP GROUPS\"},\"image\":{\"@id\":\"https:\/\/spgroups.ch\/fr\/#\/schema\/logo\/image\/\"}}]}<\/script>\n<!-- \/ Yoast SEO plugin. -->","yoast_head_json":{"title":"Ing\u00e9nieur \u00e9lectricien | SP GROUPS","robots":{"index":"index","follow":"follow","max-snippet":"max-snippet:-1","max-image-preview":"max-image-preview:large","max-video-preview":"max-video-preview:-1"},"canonical":"https:\/\/spgroups.ch\/fr\/carriere\/ingenieur-electricien\/","og_locale":"fr_FR","og_type":"article","og_title":"Ing\u00e9nieur \u00e9lectricien | SP GROUPS","og_description":"[vc_row type=\u00a0\u00bbin_container\u00a0\u00bb full_screen_row_position=\u00a0\u00bbmiddle\u00a0\u00bb column_margin=\u00a0\u00bbdefault\u00a0\u00bb column_direction=\u00a0\u00bbdefault\u00a0\u00bb column_direction_tablet=\u00a0\u00bbdefault\u00a0\u00bb column_direction_phone=\u00a0\u00bbdefault\u00a0\u00bb scene_position=\u00a0\u00bbcenter\u00a0\u00bb top_padding=\u00a0\u00bb3%\u00a0\u00bb bottom_padding=\u00a0\u00bb0&Prime; text_color=\u00a0\u00bbdark\u00a0\u00bb text_align=\u00a0\u00bbleft\u00a0\u00bb row_border_radius=\u00a0\u00bbnone\u00a0\u00bb row_border_radius_applies=\u00a0\u00bbbg\u00a0\u00bb overlay_strength=\u00a0\u00bb0.3&Prime; gradient_direction=\u00a0\u00bbleft_to_right\u00a0\u00bb shape_divider_position=\u00a0\u00bbbottom\u00a0\u00bb bg_image_animation=\u00a0\u00bbnone\u00a0\u00bb shape_type=\u00a0\u00bb\u00a0\u00bb][vc_column column_padding=\u00a0\u00bbno-extra-padding\u00a0\u00bb column_padding_tablet=\u00a0\u00bbinherit\u00a0\u00bb column_padding_phone=\u00a0\u00bbinherit\u00a0\u00bb column_padding_position=\u00a0\u00bball\u00a0\u00bb centered_text=\u00a0\u00bbtrue\u00a0\u00bb background_color_opacity=\u00a0\u00bb1&Prime; background_hover_color_opacity=\u00a0\u00bb1&Prime; column_shadow=\u00a0\u00bbnone\u00a0\u00bb column_border_radius=\u00a0\u00bbnone\u00a0\u00bb column_link_target=\u00a0\u00bb_self\u00a0\u00bb gradient_direction=\u00a0\u00bbleft_to_right\u00a0\u00bb...","og_url":"https:\/\/spgroups.ch\/fr\/carriere\/ingenieur-electricien\/","og_site_name":"SP GROUPS","article_modified_time":"2021-10-11T07:09:09+00:00","twitter_card":"summary_large_image","twitter_misc":{"Dur\u00e9e de lecture estim\u00e9e":"3 minutes"},"schema":{"@context":"https:\/\/schema.org","@graph":[{"@type":"WebPage","@id":"https:\/\/spgroups.ch\/fr\/carriere\/ingenieur-electricien\/","url":"https:\/\/spgroups.ch\/fr\/carriere\/ingenieur-electricien\/","name":"Ing\u00e9nieur \u00e9lectricien | SP GROUPS","isPartOf":{"@id":"https:\/\/spgroups.ch\/fr\/#website"},"datePublished":"2021-05-10T16:03:36+00:00","dateModified":"2021-10-11T07:09:09+00:00","breadcrumb":{"@id":"https:\/\/spgroups.ch\/fr\/carriere\/ingenieur-electricien\/#breadcrumb"},"inLanguage":"fr-FR","potentialAction":[{"@type":"ReadAction","target":["https:\/\/spgroups.ch\/fr\/carriere\/ingenieur-electricien\/"]}]},{"@type":"BreadcrumbList","@id":"https:\/\/spgroups.ch\/fr\/carriere\/ingenieur-electricien\/#breadcrumb","itemListElement":[{"@type":"ListItem","position":1,"name":"Accueil","item":"https:\/\/spgroups.ch\/fr\/"},{"@type":"ListItem","position":2,"name":"Carri\u00e8re","item":"https:\/\/spgroups.ch\/fr\/carriere\/"},{"@type":"ListItem","position":3,"name":"Ing\u00e9nieur \u00e9lectricien"}]},{"@type":"WebSite","@id":"https:\/\/spgroups.ch\/fr\/#website","url":"https:\/\/spgroups.ch\/fr\/","name":"SP GROUPS","description":"SP GROUPS","publisher":{"@id":"https:\/\/spgroups.ch\/fr\/#organization"},"potentialAction":[{"@type":"SearchAction","target":{"@type":"EntryPoint","urlTemplate":"https:\/\/spgroups.ch\/fr\/?s={search_term_string}"},"query-input":{"@type":"PropertyValueSpecification","valueRequired":true,"valueName":"search_term_string"}}],"inLanguage":"fr-FR"},{"@type":"Organization","@id":"https:\/\/spgroups.ch\/fr\/#organization","name":"SP GROUPS","url":"https:\/\/spgroups.ch\/fr\/","logo":{"@type":"ImageObject","inLanguage":"fr-FR","@id":"https:\/\/spgroups.ch\/fr\/#\/schema\/logo\/image\/","url":"https:\/\/spgroups.ch\/wp-content\/uploads\/2020\/11\/logo-spgroups-RVB-1.png","contentUrl":"https:\/\/spgroups.ch\/wp-content\/uploads\/2020\/11\/logo-spgroups-RVB-1.png","width":992,"height":551,"caption":"SP GROUPS"},"image":{"@id":"https:\/\/spgroups.ch\/fr\/#\/schema\/logo\/image\/"}}]}},"_links":{"self":[{"href":"https:\/\/spgroups.ch\/fr\/wp-json\/wp\/v2\/pages\/7716","targetHints":{"allow":["GET"]}}],"collection":[{"href":"https:\/\/spgroups.ch\/fr\/wp-json\/wp\/v2\/pages"}],"about":[{"href":"https:\/\/spgroups.ch\/fr\/wp-json\/wp\/v2\/types\/page"}],"author":[{"embeddable":true,"href":"https:\/\/spgroups.ch\/fr\/wp-json\/wp\/v2\/users\/16"}],"replies":[{"embeddable":true,"href":"https:\/\/spgroups.ch\/fr\/wp-json\/wp\/v2\/comments?post=7716"}],"version-history":[{"count":5,"href":"https:\/\/spgroups.ch\/fr\/wp-json\/wp\/v2\/pages\/7716\/revisions"}],"predecessor-version":[{"id":7880,"href":"https:\/\/spgroups.ch\/fr\/wp-json\/wp\/v2\/pages\/7716\/revisions\/7880"}],"up":[{"embeddable":true,"href":"https:\/\/spgroups.ch\/fr\/wp-json\/wp\/v2\/pages\/7640"}],"wp:attachment":[{"href":"https:\/\/spgroups.ch\/fr\/wp-json\/wp\/v2\/media?parent=7716"}],"curies":[{"name":"wp","href":"https:\/\/api.w.org\/{rel}","templated":true}]}}