{"id":8237,"date":"2022-09-08T14:20:59","date_gmt":"2022-09-08T13:20:59","guid":{"rendered":"https:\/\/spgroups.ch\/?page_id=8237"},"modified":"2025-05-20T12:13:52","modified_gmt":"2025-05-20T11:13:52","slug":"electricien-ne-bureau-d-etude","status":"publish","type":"page","link":"https:\/\/spgroups.ch\/fr\/carriere\/electricien-ne-bureau-d-etude\/","title":{"rendered":"Electricien.ne &#8211; bureau d&rsquo;\u00e9tude"},"content":{"rendered":"[vc_row type=\u00a0\u00bbin_container\u00a0\u00bb full_screen_row_position=\u00a0\u00bbmiddle\u00a0\u00bb column_margin=\u00a0\u00bbdefault\u00a0\u00bb column_direction=\u00a0\u00bbdefault\u00a0\u00bb column_direction_tablet=\u00a0\u00bbdefault\u00a0\u00bb column_direction_phone=\u00a0\u00bbdefault\u00a0\u00bb scene_position=\u00a0\u00bbcenter\u00a0\u00bb top_padding=\u00a0\u00bb3%\u00a0\u00bb bottom_padding=\u00a0\u00bb0&Prime; text_color=\u00a0\u00bbdark\u00a0\u00bb text_align=\u00a0\u00bbleft\u00a0\u00bb row_border_radius=\u00a0\u00bbnone\u00a0\u00bb row_border_radius_applies=\u00a0\u00bbbg\u00a0\u00bb overlay_strength=\u00a0\u00bb0.3&Prime; gradient_direction=\u00a0\u00bbleft_to_right\u00a0\u00bb shape_divider_position=\u00a0\u00bbbottom\u00a0\u00bb bg_image_animation=\u00a0\u00bbnone\u00a0\u00bb shape_type=\u00a0\u00bb\u00a0\u00bb][vc_column column_padding=\u00a0\u00bbno-extra-padding\u00a0\u00bb column_padding_tablet=\u00a0\u00bbinherit\u00a0\u00bb column_padding_phone=\u00a0\u00bbinherit\u00a0\u00bb column_padding_position=\u00a0\u00bball\u00a0\u00bb column_element_spacing=\u00a0\u00bbdefault\u00a0\u00bb centered_text=\u00a0\u00bbtrue\u00a0\u00bb background_color_opacity=\u00a0\u00bb1&Prime; background_hover_color_opacity=\u00a0\u00bb1&Prime; column_shadow=\u00a0\u00bbnone\u00a0\u00bb column_border_radius=\u00a0\u00bbnone\u00a0\u00bb column_link_target=\u00a0\u00bb_self\u00a0\u00bb gradient_direction=\u00a0\u00bbleft_to_right\u00a0\u00bb overlay_strength=\u00a0\u00bb0.3&Prime; width=\u00a0\u00bb1\/1&Prime; tablet_width_inherit=\u00a0\u00bbdefault\u00a0\u00bb tablet_text_alignment=\u00a0\u00bbdefault\u00a0\u00bb phone_text_alignment=\u00a0\u00bbdefault\u00a0\u00bb bg_image_animation=\u00a0\u00bbnone\u00a0\u00bb enable_animation=\u00a0\u00bbtrue\u00a0\u00bb animation=\u00a0\u00bbfade-in-from-bottom\u00a0\u00bb border_type=\u00a0\u00bbsimple\u00a0\u00bb column_border_width=\u00a0\u00bbnone\u00a0\u00bb column_border_style=\u00a0\u00bbsolid\u00a0\u00bb][vc_column_text]\n<h1 style=\"text-align: center;\"><strong>Electricien-ne &#8211; bureau d&rsquo;\u00e9tude<\/strong><\/h1>\n[\/vc_column_text][vc_column_text]\n<p style=\"text-align: center;\"><strong>80-100%<br \/>\n<\/strong><strong>Camp de base : Gen\u00e8ve, Lausanne ou Martigny (Suisse au milieu des Alpes)<\/strong><\/p>\n[\/vc_column_text][divider line_type=\u00a0\u00bbSmall Line\u00a0\u00bb line_alignment=\u00a0\u00bbdefault\u00a0\u00bb line_thickness=\u00a0\u00bb2&Prime; divider_color=\u00a0\u00bbextra-color-1&Prime; animate=\u00a0\u00bbyes\u00a0\u00bb][\/vc_column][\/vc_row][vc_row type=\u00a0\u00bbfull_width_background\u00a0\u00bb full_screen_row_position=\u00a0\u00bbmiddle\u00a0\u00bb column_margin=\u00a0\u00bbdefault\u00a0\u00bb column_direction=\u00a0\u00bbdefault\u00a0\u00bb column_direction_tablet=\u00a0\u00bbdefault\u00a0\u00bb column_direction_phone=\u00a0\u00bbdefault\u00a0\u00bb scene_position=\u00a0\u00bbcenter\u00a0\u00bb top_padding=\u00a0\u00bb3%\u00a0\u00bb constrain_group_1=\u00a0\u00bbyes\u00a0\u00bb bottom_padding=\u00a0\u00bb3%\u00a0\u00bb left_padding_desktop=\u00a0\u00bb0&Prime; right_padding_desktop=\u00a0\u00bb0&Prime; text_color=\u00a0\u00bbdark\u00a0\u00bb text_align=\u00a0\u00bbleft\u00a0\u00bb row_border_radius=\u00a0\u00bbnone\u00a0\u00bb row_border_radius_applies=\u00a0\u00bbbg\u00a0\u00bb zindex=\u00a0\u00bb4&Prime; overlay_strength=\u00a0\u00bb0.3&Prime; gradient_direction=\u00a0\u00bbleft_to_right\u00a0\u00bb shape_divider_position=\u00a0\u00bbbottom\u00a0\u00bb bg_image_animation=\u00a0\u00bbnone\u00a0\u00bb shape_type=\u00a0\u00bb\u00a0\u00bb][vc_column column_padding=\u00a0\u00bbno-extra-padding\u00a0\u00bb column_padding_tablet=\u00a0\u00bbinherit\u00a0\u00bb column_padding_phone=\u00a0\u00bbinherit\u00a0\u00bb column_padding_position=\u00a0\u00bball\u00a0\u00bb column_element_spacing=\u00a0\u00bbdefault\u00a0\u00bb background_color_opacity=\u00a0\u00bb1&Prime; background_hover_color_opacity=\u00a0\u00bb1&Prime; column_shadow=\u00a0\u00bbnone\u00a0\u00bb column_border_radius=\u00a0\u00bbnone\u00a0\u00bb column_link_target=\u00a0\u00bb_self\u00a0\u00bb gradient_direction=\u00a0\u00bbleft_to_right\u00a0\u00bb overlay_strength=\u00a0\u00bb0.3&Prime; width=\u00a0\u00bb1\/6&Prime; tablet_width_inherit=\u00a0\u00bbdefault\u00a0\u00bb tablet_text_alignment=\u00a0\u00bbdefault\u00a0\u00bb phone_text_alignment=\u00a0\u00bbdefault\u00a0\u00bb bg_image_animation=\u00a0\u00bbnone\u00a0\u00bb border_type=\u00a0\u00bbsimple\u00a0\u00bb column_border_width=\u00a0\u00bbnone\u00a0\u00bb column_border_style=\u00a0\u00bbsolid\u00a0\u00bb][\/vc_column][vc_column column_padding=\u00a0\u00bbpadding-2-percent\u00a0\u00bb column_padding_tablet=\u00a0\u00bbinherit\u00a0\u00bb column_padding_phone=\u00a0\u00bbinherit\u00a0\u00bb column_padding_position=\u00a0\u00bball\u00a0\u00bb column_element_spacing=\u00a0\u00bbdefault\u00a0\u00bb background_color=\u00a0\u00bb#ffffff\u00a0\u00bb background_color_opacity=\u00a0\u00bb1&Prime; background_hover_color_opacity=\u00a0\u00bb1&Prime; column_shadow=\u00a0\u00bbsmall_depth\u00a0\u00bb column_border_radius=\u00a0\u00bb10px\u00a0\u00bb column_link_target=\u00a0\u00bb_self\u00a0\u00bb gradient_direction=\u00a0\u00bbleft_to_right\u00a0\u00bb overlay_strength=\u00a0\u00bb0.3&Prime; width=\u00a0\u00bb2\/3&Prime; tablet_width_inherit=\u00a0\u00bbdefault\u00a0\u00bb tablet_text_alignment=\u00a0\u00bbdefault\u00a0\u00bb phone_text_alignment=\u00a0\u00bbdefault\u00a0\u00bb bg_image_animation=\u00a0\u00bbnone\u00a0\u00bb border_type=\u00a0\u00bbsimple\u00a0\u00bb column_border_width=\u00a0\u00bb2px\u00a0\u00bb column_border_color=\u00a0\u00bb#ff5615&Prime;][vc_column_text]<strong>Votre soutien <\/strong>pour assurer notre cord\u00e9e dans son ascension sera pr\u00e9cieux. Vous participerez \u00e0 des projets vari\u00e9s afin de r\u00e9aliser des \u00e9tudes \u00e9lectriques.<\/p>\n<p><strong>Vos diff\u00e9rentes responsabilit\u00e9s dans les prochaines exp\u00e9ditions de SP Groups :<br \/>\n<\/strong><\/p>\n<ul>\n<li>Pour nos projets de conception, r\u00e9diger les sp\u00e9cifications techniques, les sch\u00e9mas \u00e9lectriques d\u2019ensemble d\u2019appareillage comprenant la nomenclature, la liste de c\u00e2bles, les implantations<\/li>\n<li>R\u00e9diger les dossiers d\u2019appels d\u2019offres, consulter les fournisseurs et r\u00e9aliser les comparatifs<\/li>\n<li>Participer \u00e0 l\u2019ensemble des phases des projets (BT \/ courant faible)<\/li>\n<li>Comprendre et traduire correctement les besoins du client, de maintenir une bonne relation avec lui tout au long du projet<\/li>\n<li>Etablir les bilans de puissance ainsi que les sch\u00e9mas unifilaires<\/li>\n<li>Contr\u00f4ler et r\u00e9ceptionner les travaux de r\u00e9alisation<\/li>\n<li>Participer aux \u00e9tudes et plans pour l\u2019installation et le raccordement de l\u2019\u00e9clairage, de prises CFO et CFA, du contr\u00f4le d\u2019acc\u00e8s et des syst\u00e8mes de d\u00e9tection incendie et gaz<\/li>\n<\/ul>\n<p><strong>Pour pouvoir nous accompagner sereinement dans la haute route, votre sac-\u00e0-dos devra contenir :<\/strong><\/p>\n<ul>\n<li>Une formation d\u2019\u00e9lectricien (CFC) ou Ing\u00e9nieur HES<\/li>\n<li>Une exp\u00e9rience de 5 ann\u00e9es de pratique professionnelle dans un bureau d\u2019\u00e9tude<\/li>\n<li>De l\u2019autonomie et un sens de la communication<\/li>\n<li>Un respect des co\u00fbts et planning<\/li>\n<li>Une exp\u00e9rience REVIT, un plus<\/li>\n<li>Une exp\u00e9rience chantier, un plus<\/li>\n<li>Des connaissances des normes \u00e9lectriques Suisses, CAN<\/li>\n<li>Des connaissances du logiciel Eplan et AutoCAD LT<\/li>\n<\/ul>\n<p><strong>Afin d\u2019\u00e9viter le mal des montagnes, il est important que vous poss\u00e9diez les comp\u00e9tences suivantes :<\/strong><\/p>\n<ul>\n<li>Le fran\u00e7ais et l\u2019anglais si vous voulez manger en refuge<\/li>\n<li>L\u2019allemand, vous comprendrez plus facilement la carte du menu<\/li>\n<li>La maitrise d\u2019outils informatiques MS\/Office en lien avec votre m\u00e9tier, ce sera la base<\/li>\n<li>La capacit\u00e9 \u00e0 rechercher et comprendre de la documentation technique li\u00e9e aux appareils mis en place dans le cadre d\u2019une \u00e9tude \u00e9lectrique.<\/li>\n<li>Une grande capacit\u00e9 \u00e0 maintenir une relation de confiance avec les diff\u00e9rents partenaires concern\u00e9s dans la r\u00e9alisation du projet<\/li>\n<li>Une implication active dans le d\u00e9veloppement commercial par une attitude orient\u00e9e gestion des opportunit\u00e9s et ainsi participer \u00e0 la croissance de SP Groups<\/li>\n<\/ul>\n<p><strong>Notre objectif\u00a0: Gravir et atteindre les sommets pour voir plus loin avec vous. <\/strong><\/p>\n<p><strong>La vie d&rsquo;altitude chez SP Groups est la suivante :<\/strong><\/p>\n<ul>\n<li>Un poste avec des exp\u00e9riences diversifi\u00e9es au sein d\u2019une soci\u00e9t\u00e9 en pleine croissance<\/li>\n<li>Un travail d\u2019\u00e9quipe sur de grands projets de laboratoires pharmaceutiques ou sites industriels<\/li>\n<li>D\u2019excellentes conditions de travail dans un cadre respectueux, bienveillant, \u00e9volutif et comprenant de nombreux avantages<\/li>\n<li>Des possibilit\u00e9s de formations ainsi que des opportunit\u00e9s de d\u00e9veloppement interne encourag\u00e9 que vous adapterez \u00e0 votre progression<\/li>\n<\/ul>\n<p><strong>D\u00e9part de la prochaine exp\u00e9dition avec vous :<br \/>\n<\/strong>D\u00e8s que possible<\/p>\n<p><strong>Etes-vous pr\u00eat-e :<\/strong><\/p>\n<ul>\n<li>A cr\u00e9er, d\u00e9velopper et \u00e9changer\u00a0?<\/li>\n<li>A organiser et garder le cap lors des changements de m\u00e9t\u00e9o afin d\u2019accompagner nos \u00e9quipes vers le succ\u00e8s\u00a0?<\/li>\n<li>A g\u00e9rer vos projets dans la r\u00e9activit\u00e9, l\u2019anticipation et la s\u00e9curit\u00e9 ?<\/li>\n<\/ul>\n[\/vc_column_text][divider line_type=\u00a0\u00bbNo Line\u00a0\u00bb custom_height=\u00a0\u00bb20px\u00a0\u00bb][\/vc_column][vc_column column_padding=\u00a0\u00bbno-extra-padding\u00a0\u00bb column_padding_tablet=\u00a0\u00bbinherit\u00a0\u00bb column_padding_phone=\u00a0\u00bbinherit\u00a0\u00bb column_padding_position=\u00a0\u00bball\u00a0\u00bb column_element_spacing=\u00a0\u00bbdefault\u00a0\u00bb background_color_opacity=\u00a0\u00bb1&Prime; background_hover_color_opacity=\u00a0\u00bb1&Prime; column_shadow=\u00a0\u00bbnone\u00a0\u00bb column_border_radius=\u00a0\u00bbnone\u00a0\u00bb column_link_target=\u00a0\u00bb_self\u00a0\u00bb gradient_direction=\u00a0\u00bbleft_to_right\u00a0\u00bb overlay_strength=\u00a0\u00bb0.3&Prime; width=\u00a0\u00bb1\/6&Prime; tablet_width_inherit=\u00a0\u00bbdefault\u00a0\u00bb tablet_text_alignment=\u00a0\u00bbdefault\u00a0\u00bb phone_text_alignment=\u00a0\u00bbdefault\u00a0\u00bb bg_image_animation=\u00a0\u00bbnone\u00a0\u00bb border_type=\u00a0\u00bbsimple\u00a0\u00bb column_border_width=\u00a0\u00bbnone\u00a0\u00bb column_border_style=\u00a0\u00bbsolid\u00a0\u00bb][\/vc_column][\/vc_row][vc_row type=\u00a0\u00bbin_container\u00a0\u00bb full_screen_row_position=\u00a0\u00bbmiddle\u00a0\u00bb column_margin=\u00a0\u00bbdefault\u00a0\u00bb column_direction=\u00a0\u00bbdefault\u00a0\u00bb column_direction_tablet=\u00a0\u00bbdefault\u00a0\u00bb column_direction_phone=\u00a0\u00bbdefault\u00a0\u00bb scene_position=\u00a0\u00bbcenter\u00a0\u00bb bottom_padding=\u00a0\u00bb3%\u00a0\u00bb translate_y=\u00a0\u00bb-40px\u00a0\u00bb text_color=\u00a0\u00bbdark\u00a0\u00bb text_align=\u00a0\u00bbleft\u00a0\u00bb row_border_radius=\u00a0\u00bbnone\u00a0\u00bb row_border_radius_applies=\u00a0\u00bbbg\u00a0\u00bb zindex=\u00a0\u00bb5&Prime; overlay_strength=\u00a0\u00bb0.3&Prime; gradient_direction=\u00a0\u00bbleft_to_right\u00a0\u00bb shape_divider_position=\u00a0\u00bbbottom\u00a0\u00bb bg_image_animation=\u00a0\u00bbnone\u00a0\u00bb shape_type=\u00a0\u00bb\u00a0\u00bb][vc_column column_padding=\u00a0\u00bbno-extra-padding\u00a0\u00bb column_padding_tablet=\u00a0\u00bbinherit\u00a0\u00bb column_padding_phone=\u00a0\u00bbinherit\u00a0\u00bb column_padding_position=\u00a0\u00bball\u00a0\u00bb column_element_spacing=\u00a0\u00bbdefault\u00a0\u00bb centered_text=\u00a0\u00bbtrue\u00a0\u00bb background_color_opacity=\u00a0\u00bb1&Prime; background_hover_color_opacity=\u00a0\u00bb1&Prime; column_shadow=\u00a0\u00bbnone\u00a0\u00bb column_border_radius=\u00a0\u00bbnone\u00a0\u00bb column_link_target=\u00a0\u00bb_self\u00a0\u00bb gradient_direction=\u00a0\u00bbleft_to_right\u00a0\u00bb overlay_strength=\u00a0\u00bb0.3&Prime; width=\u00a0\u00bb1\/1&Prime; tablet_width_inherit=\u00a0\u00bbdefault\u00a0\u00bb tablet_text_alignment=\u00a0\u00bbdefault\u00a0\u00bb phone_text_alignment=\u00a0\u00bbdefault\u00a0\u00bb bg_image_animation=\u00a0\u00bbnone\u00a0\u00bb border_type=\u00a0\u00bbsimple\u00a0\u00bb column_border_width=\u00a0\u00bbnone\u00a0\u00bb column_border_style=\u00a0\u00bbsolid\u00a0\u00bb][nectar_btn size=\u00a0\u00bblarge\u00a0\u00bb button_style=\u00a0\u00bbregular\u00a0\u00bb button_color_2=\u00a0\u00bbExtra-Color-1&Prime; icon_family=\u00a0\u00bbnone\u00a0\u00bb text=\u00a0\u00bbJe postule\u00a0\u00bb css_animation=\u00a0\u00bbslideInUp\u00a0\u00bb url=\u00a0\u00bb\/fr\/carriere\/rejoindre-les-equipes\/\u00a0\u00bb][\/vc_column][\/vc_row]\n","protected":false},"excerpt":{"rendered":"<p>[vc_row type=\u00a0\u00bbin_container\u00a0\u00bb full_screen_row_position=\u00a0\u00bbmiddle\u00a0\u00bb column_margin=\u00a0\u00bbdefault\u00a0\u00bb column_direction=\u00a0\u00bbdefault\u00a0\u00bb column_direction_tablet=\u00a0\u00bbdefault\u00a0\u00bb column_direction_phone=\u00a0\u00bbdefault\u00a0\u00bb scene_position=\u00a0\u00bbcenter\u00a0\u00bb top_padding=\u00a0\u00bb3%\u00a0\u00bb bottom_padding=\u00a0\u00bb0&Prime; text_color=\u00a0\u00bbdark\u00a0\u00bb text_align=\u00a0\u00bbleft\u00a0\u00bb row_border_radius=\u00a0\u00bbnone\u00a0\u00bb row_border_radius_applies=\u00a0\u00bbbg\u00a0\u00bb overlay_strength=\u00a0\u00bb0.3&Prime; gradient_direction=\u00a0\u00bbleft_to_right\u00a0\u00bb shape_divider_position=\u00a0\u00bbbottom\u00a0\u00bb bg_image_animation=\u00a0\u00bbnone\u00a0\u00bb shape_type=\u00a0\u00bb\u00a0\u00bb][vc_column column_padding=\u00a0\u00bbno-extra-padding\u00a0\u00bb column_padding_tablet=\u00a0\u00bbinherit\u00a0\u00bb column_padding_phone=\u00a0\u00bbinherit\u00a0\u00bb column_padding_position=\u00a0\u00bball\u00a0\u00bb column_element_spacing=\u00a0\u00bbdefault\u00a0\u00bb centered_text=\u00a0\u00bbtrue\u00a0\u00bb background_color_opacity=\u00a0\u00bb1&Prime; background_hover_color_opacity=\u00a0\u00bb1&Prime; column_shadow=\u00a0\u00bbnone\u00a0\u00bb column_border_radius=\u00a0\u00bbnone\u00a0\u00bb column_link_target=\u00a0\u00bb_self\u00a0\u00bb&#8230;<\/p>\n","protected":false},"author":9,"featured_media":0,"parent":7640,"menu_order":0,"comment_status":"closed","ping_status":"closed","template":"","meta":{"footnotes":""},"class_list":["post-8237","page","type-page","status-publish"],"yoast_head":"<!-- This site is optimized with the Yoast SEO plugin v26.7 - https:\/\/yoast.com\/wordpress\/plugins\/seo\/ -->\n<title>Electricien.ne - bureau d&#039;\u00e9tude | SP GROUPS<\/title>\n<meta name=\"robots\" content=\"index, follow, max-snippet:-1, max-image-preview:large, max-video-preview:-1\" \/>\n<link rel=\"canonical\" href=\"https:\/\/spgroups.ch\/fr\/carriere\/electricien-ne-bureau-d-etude\/\" \/>\n<meta property=\"og:locale\" content=\"fr_FR\" \/>\n<meta property=\"og:type\" content=\"article\" \/>\n<meta property=\"og:title\" content=\"Electricien.ne - bureau d&#039;\u00e9tude | SP GROUPS\" \/>\n<meta property=\"og:description\" content=\"[vc_row type=\u00a0\u00bbin_container\u00a0\u00bb full_screen_row_position=\u00a0\u00bbmiddle\u00a0\u00bb column_margin=\u00a0\u00bbdefault\u00a0\u00bb column_direction=\u00a0\u00bbdefault\u00a0\u00bb column_direction_tablet=\u00a0\u00bbdefault\u00a0\u00bb column_direction_phone=\u00a0\u00bbdefault\u00a0\u00bb scene_position=\u00a0\u00bbcenter\u00a0\u00bb top_padding=\u00a0\u00bb3%\u00a0\u00bb bottom_padding=\u00a0\u00bb0&Prime; text_color=\u00a0\u00bbdark\u00a0\u00bb text_align=\u00a0\u00bbleft\u00a0\u00bb row_border_radius=\u00a0\u00bbnone\u00a0\u00bb row_border_radius_applies=\u00a0\u00bbbg\u00a0\u00bb overlay_strength=\u00a0\u00bb0.3&Prime; gradient_direction=\u00a0\u00bbleft_to_right\u00a0\u00bb shape_divider_position=\u00a0\u00bbbottom\u00a0\u00bb bg_image_animation=\u00a0\u00bbnone\u00a0\u00bb shape_type=\u00a0\u00bb\u00a0\u00bb][vc_column column_padding=\u00a0\u00bbno-extra-padding\u00a0\u00bb column_padding_tablet=\u00a0\u00bbinherit\u00a0\u00bb column_padding_phone=\u00a0\u00bbinherit\u00a0\u00bb column_padding_position=\u00a0\u00bball\u00a0\u00bb column_element_spacing=\u00a0\u00bbdefault\u00a0\u00bb centered_text=\u00a0\u00bbtrue\u00a0\u00bb background_color_opacity=\u00a0\u00bb1&Prime; background_hover_color_opacity=\u00a0\u00bb1&Prime; column_shadow=\u00a0\u00bbnone\u00a0\u00bb column_border_radius=\u00a0\u00bbnone\u00a0\u00bb column_link_target=\u00a0\u00bb_self\u00a0\u00bb...\" \/>\n<meta property=\"og:url\" content=\"https:\/\/spgroups.ch\/fr\/carriere\/electricien-ne-bureau-d-etude\/\" \/>\n<meta property=\"og:site_name\" content=\"SP GROUPS\" \/>\n<meta property=\"article:modified_time\" content=\"2025-05-20T11:13:52+00:00\" \/>\n<meta name=\"twitter:card\" content=\"summary_large_image\" \/>\n<meta name=\"twitter:label1\" content=\"Dur\u00e9e de lecture estim\u00e9e\" \/>\n\t<meta name=\"twitter:data1\" content=\"4 minutes\" \/>\n<script type=\"application\/ld+json\" class=\"yoast-schema-graph\">{\"@context\":\"https:\/\/schema.org\",\"@graph\":[{\"@type\":\"WebPage\",\"@id\":\"https:\/\/spgroups.ch\/fr\/carriere\/electricien-ne-bureau-d-etude\/\",\"url\":\"https:\/\/spgroups.ch\/fr\/carriere\/electricien-ne-bureau-d-etude\/\",\"name\":\"Electricien.ne - bureau d'\u00e9tude | SP GROUPS\",\"isPartOf\":{\"@id\":\"https:\/\/spgroups.ch\/fr\/#website\"},\"datePublished\":\"2022-09-08T13:20:59+00:00\",\"dateModified\":\"2025-05-20T11:13:52+00:00\",\"breadcrumb\":{\"@id\":\"https:\/\/spgroups.ch\/fr\/carriere\/electricien-ne-bureau-d-etude\/#breadcrumb\"},\"inLanguage\":\"fr-FR\",\"potentialAction\":[{\"@type\":\"ReadAction\",\"target\":[\"https:\/\/spgroups.ch\/fr\/carriere\/electricien-ne-bureau-d-etude\/\"]}]},{\"@type\":\"BreadcrumbList\",\"@id\":\"https:\/\/spgroups.ch\/fr\/carriere\/electricien-ne-bureau-d-etude\/#breadcrumb\",\"itemListElement\":[{\"@type\":\"ListItem\",\"position\":1,\"name\":\"Accueil\",\"item\":\"https:\/\/spgroups.ch\/fr\/\"},{\"@type\":\"ListItem\",\"position\":2,\"name\":\"Carri\u00e8re\",\"item\":\"https:\/\/spgroups.ch\/fr\/carriere\/\"},{\"@type\":\"ListItem\",\"position\":3,\"name\":\"Electricien.ne &#8211; bureau d&rsquo;\u00e9tude\"}]},{\"@type\":\"WebSite\",\"@id\":\"https:\/\/spgroups.ch\/fr\/#website\",\"url\":\"https:\/\/spgroups.ch\/fr\/\",\"name\":\"SP GROUPS\",\"description\":\"SP GROUPS\",\"publisher\":{\"@id\":\"https:\/\/spgroups.ch\/fr\/#organization\"},\"potentialAction\":[{\"@type\":\"SearchAction\",\"target\":{\"@type\":\"EntryPoint\",\"urlTemplate\":\"https:\/\/spgroups.ch\/fr\/?s={search_term_string}\"},\"query-input\":{\"@type\":\"PropertyValueSpecification\",\"valueRequired\":true,\"valueName\":\"search_term_string\"}}],\"inLanguage\":\"fr-FR\"},{\"@type\":\"Organization\",\"@id\":\"https:\/\/spgroups.ch\/fr\/#organization\",\"name\":\"SP GROUPS\",\"url\":\"https:\/\/spgroups.ch\/fr\/\",\"logo\":{\"@type\":\"ImageObject\",\"inLanguage\":\"fr-FR\",\"@id\":\"https:\/\/spgroups.ch\/fr\/#\/schema\/logo\/image\/\",\"url\":\"https:\/\/spgroups.ch\/wp-content\/uploads\/2020\/11\/logo-spgroups-RVB-1.png\",\"contentUrl\":\"https:\/\/spgroups.ch\/wp-content\/uploads\/2020\/11\/logo-spgroups-RVB-1.png\",\"width\":992,\"height\":551,\"caption\":\"SP GROUPS\"},\"image\":{\"@id\":\"https:\/\/spgroups.ch\/fr\/#\/schema\/logo\/image\/\"}}]}<\/script>\n<!-- \/ Yoast SEO plugin. -->","yoast_head_json":{"title":"Electricien.ne - bureau d'\u00e9tude | SP GROUPS","robots":{"index":"index","follow":"follow","max-snippet":"max-snippet:-1","max-image-preview":"max-image-preview:large","max-video-preview":"max-video-preview:-1"},"canonical":"https:\/\/spgroups.ch\/fr\/carriere\/electricien-ne-bureau-d-etude\/","og_locale":"fr_FR","og_type":"article","og_title":"Electricien.ne - bureau d'\u00e9tude | SP GROUPS","og_description":"[vc_row type=\u00a0\u00bbin_container\u00a0\u00bb full_screen_row_position=\u00a0\u00bbmiddle\u00a0\u00bb column_margin=\u00a0\u00bbdefault\u00a0\u00bb column_direction=\u00a0\u00bbdefault\u00a0\u00bb column_direction_tablet=\u00a0\u00bbdefault\u00a0\u00bb column_direction_phone=\u00a0\u00bbdefault\u00a0\u00bb scene_position=\u00a0\u00bbcenter\u00a0\u00bb top_padding=\u00a0\u00bb3%\u00a0\u00bb bottom_padding=\u00a0\u00bb0&Prime; text_color=\u00a0\u00bbdark\u00a0\u00bb text_align=\u00a0\u00bbleft\u00a0\u00bb row_border_radius=\u00a0\u00bbnone\u00a0\u00bb row_border_radius_applies=\u00a0\u00bbbg\u00a0\u00bb overlay_strength=\u00a0\u00bb0.3&Prime; gradient_direction=\u00a0\u00bbleft_to_right\u00a0\u00bb shape_divider_position=\u00a0\u00bbbottom\u00a0\u00bb bg_image_animation=\u00a0\u00bbnone\u00a0\u00bb shape_type=\u00a0\u00bb\u00a0\u00bb][vc_column column_padding=\u00a0\u00bbno-extra-padding\u00a0\u00bb column_padding_tablet=\u00a0\u00bbinherit\u00a0\u00bb column_padding_phone=\u00a0\u00bbinherit\u00a0\u00bb column_padding_position=\u00a0\u00bball\u00a0\u00bb column_element_spacing=\u00a0\u00bbdefault\u00a0\u00bb centered_text=\u00a0\u00bbtrue\u00a0\u00bb background_color_opacity=\u00a0\u00bb1&Prime; background_hover_color_opacity=\u00a0\u00bb1&Prime; column_shadow=\u00a0\u00bbnone\u00a0\u00bb column_border_radius=\u00a0\u00bbnone\u00a0\u00bb column_link_target=\u00a0\u00bb_self\u00a0\u00bb...","og_url":"https:\/\/spgroups.ch\/fr\/carriere\/electricien-ne-bureau-d-etude\/","og_site_name":"SP GROUPS","article_modified_time":"2025-05-20T11:13:52+00:00","twitter_card":"summary_large_image","twitter_misc":{"Dur\u00e9e de lecture estim\u00e9e":"4 minutes"},"schema":{"@context":"https:\/\/schema.org","@graph":[{"@type":"WebPage","@id":"https:\/\/spgroups.ch\/fr\/carriere\/electricien-ne-bureau-d-etude\/","url":"https:\/\/spgroups.ch\/fr\/carriere\/electricien-ne-bureau-d-etude\/","name":"Electricien.ne - bureau d'\u00e9tude | SP GROUPS","isPartOf":{"@id":"https:\/\/spgroups.ch\/fr\/#website"},"datePublished":"2022-09-08T13:20:59+00:00","dateModified":"2025-05-20T11:13:52+00:00","breadcrumb":{"@id":"https:\/\/spgroups.ch\/fr\/carriere\/electricien-ne-bureau-d-etude\/#breadcrumb"},"inLanguage":"fr-FR","potentialAction":[{"@type":"ReadAction","target":["https:\/\/spgroups.ch\/fr\/carriere\/electricien-ne-bureau-d-etude\/"]}]},{"@type":"BreadcrumbList","@id":"https:\/\/spgroups.ch\/fr\/carriere\/electricien-ne-bureau-d-etude\/#breadcrumb","itemListElement":[{"@type":"ListItem","position":1,"name":"Accueil","item":"https:\/\/spgroups.ch\/fr\/"},{"@type":"ListItem","position":2,"name":"Carri\u00e8re","item":"https:\/\/spgroups.ch\/fr\/carriere\/"},{"@type":"ListItem","position":3,"name":"Electricien.ne &#8211; bureau d&rsquo;\u00e9tude"}]},{"@type":"WebSite","@id":"https:\/\/spgroups.ch\/fr\/#website","url":"https:\/\/spgroups.ch\/fr\/","name":"SP GROUPS","description":"SP GROUPS","publisher":{"@id":"https:\/\/spgroups.ch\/fr\/#organization"},"potentialAction":[{"@type":"SearchAction","target":{"@type":"EntryPoint","urlTemplate":"https:\/\/spgroups.ch\/fr\/?s={search_term_string}"},"query-input":{"@type":"PropertyValueSpecification","valueRequired":true,"valueName":"search_term_string"}}],"inLanguage":"fr-FR"},{"@type":"Organization","@id":"https:\/\/spgroups.ch\/fr\/#organization","name":"SP GROUPS","url":"https:\/\/spgroups.ch\/fr\/","logo":{"@type":"ImageObject","inLanguage":"fr-FR","@id":"https:\/\/spgroups.ch\/fr\/#\/schema\/logo\/image\/","url":"https:\/\/spgroups.ch\/wp-content\/uploads\/2020\/11\/logo-spgroups-RVB-1.png","contentUrl":"https:\/\/spgroups.ch\/wp-content\/uploads\/2020\/11\/logo-spgroups-RVB-1.png","width":992,"height":551,"caption":"SP GROUPS"},"image":{"@id":"https:\/\/spgroups.ch\/fr\/#\/schema\/logo\/image\/"}}]}},"_links":{"self":[{"href":"https:\/\/spgroups.ch\/fr\/wp-json\/wp\/v2\/pages\/8237","targetHints":{"allow":["GET"]}}],"collection":[{"href":"https:\/\/spgroups.ch\/fr\/wp-json\/wp\/v2\/pages"}],"about":[{"href":"https:\/\/spgroups.ch\/fr\/wp-json\/wp\/v2\/types\/page"}],"author":[{"embeddable":true,"href":"https:\/\/spgroups.ch\/fr\/wp-json\/wp\/v2\/users\/9"}],"replies":[{"embeddable":true,"href":"https:\/\/spgroups.ch\/fr\/wp-json\/wp\/v2\/comments?post=8237"}],"version-history":[{"count":7,"href":"https:\/\/spgroups.ch\/fr\/wp-json\/wp\/v2\/pages\/8237\/revisions"}],"predecessor-version":[{"id":8940,"href":"https:\/\/spgroups.ch\/fr\/wp-json\/wp\/v2\/pages\/8237\/revisions\/8940"}],"up":[{"embeddable":true,"href":"https:\/\/spgroups.ch\/fr\/wp-json\/wp\/v2\/pages\/7640"}],"wp:attachment":[{"href":"https:\/\/spgroups.ch\/fr\/wp-json\/wp\/v2\/media?parent=8237"}],"curies":[{"name":"wp","href":"https:\/\/api.w.org\/{rel}","templated":true}]}}